{"id":7520,"date":"2021-03-12T20:24:48","date_gmt":"2021-03-12T19:24:48","guid":{"rendered":"https:\/\/martimex.sk\/rolnicka-skola-ul-e-b-lukaca-c-2\/"},"modified":"2021-09-09T18:06:21","modified_gmt":"2021-09-09T16:06:21","slug":"rolnicka-skola-ul-e-b-lukaca-c-2","status":"publish","type":"page","link":"https:\/\/martimex.sk\/en\/rolnicka-skola-ul-e-b-lukaca-c-2\/","title":{"rendered":"Ro\u013en\u00edcka \u0161kola (E.B. Luk\u00e1\u010da no. 2)"},"content":{"rendered":"<div class=\"nolwrap\">[vc_row type=&#8221;full_width_background&#8221; full_screen_row_position=&#8221;middle&#8221; column_margin=&#8221;default&#8221; equal_height=&#8221;yes&#8221; content_placement=&#8221;top&#8221; column_direction=&#8221;default&#8221; column_direction_tablet=&#8221;default&#8221; column_direction_phone=&#8221;default&#8221; bg_image=&#8221;6782&#8243; bg_position=&#8221;center top&#8221; background_image_loading=&#8221;default&#8221; bg_repeat=&#8221;no-repeat&#8221; scene_position=&#8221;center&#8221; top_padding=&#8221;6%&#8221; bottom_padding=&#8221;6%&#8221; top_padding_phone=&#8221;12%&#8221; bottom_padding_phone=&#8221;12%&#8221; text_color=&#8221;dark&#8221; text_align=&#8221;left&#8221; row_border_radius=&#8221;none&#8221; row_border_radius_applies=&#8221;bg&#8221; enable_gradient=&#8221;true&#8221; color_overlay=&#8221;rgba(255,255,255,0.73)&#8221; color_overlay_2=&#8221;#ffffff&#8221; overlay_strength=&#8221;1&#8243; gradient_direction=&#8221;top_to_bottom&#8221; shape_divider_position=&#8221;bottom&#8221; bg_image_animation=&#8221;none&#8221; parallax_bg=&#8221;true&#8221; parallax_bg_speed=&#8221;slow&#8221; shape_type=&#8221;&#8221;][vc_column column_padding=&#8221;no-extra-padding&#8221; column_padding_tablet=&#8221;inherit&#8221; column_padding_phone=&#8221;inherit&#8221; column_padding_position=&#8221;all&#8221; column_element_spacing=&#8221;default&#8221; background_color_opacity=&#8221;1&#8243; background_hover_color_opacity=&#8221;1&#8243; column_shadow=&#8221;none&#8221; column_border_radius=&#8221;none&#8221; column_link_target=&#8221;_self&#8221; gradient_direction=&#8221;left_to_right&#8221; overlay_strength=&#8221;0.3&#8243; width=&#8221;1\/1&#8243; tablet_width_inherit=&#8221;default&#8221; tablet_text_alignment=&#8221;default&#8221; phone_text_alignment=&#8221;default&#8221; bg_image_animation=&#8221;none&#8221; border_type=&#8221;simple&#8221; column_border_width=&#8221;none&#8221; column_border_style=&#8221;solid&#8221;][vc_custom_heading text=&#8221;Office space for rent in the former &#8220;Ro\u013en\u00edcka \u0161kola&#8220; building at E.B. Luk\u00e1\u010da 2 in Martin&#8221; use_theme_fonts=&#8221;yes&#8221; css_animation=&#8221;fadeIn&#8221;][\/vc_column][\/vc_row][vc_row type=&#8221;full_width_background&#8221; full_screen_row_position=&#8221;middle&#8221; column_margin=&#8221;default&#8221; equal_height=&#8221;yes&#8221; content_placement=&#8221;top&#8221; column_direction=&#8221;default&#8221; column_direction_tablet=&#8221;default&#8221; column_direction_phone=&#8221;default&#8221; scene_position=&#8221;center&#8221; bottom_padding=&#8221;6%&#8221; bottom_padding_phone=&#8221;12%&#8221; text_color=&#8221;dark&#8221; text_align=&#8221;left&#8221; row_border_radius=&#8221;none&#8221; row_border_radius_applies=&#8221;bg&#8221; overlay_strength=&#8221;0.3&#8243; gradient_direction=&#8221;left_to_right&#8221; shape_divider_position=&#8221;bottom&#8221; bg_image_animation=&#8221;none&#8221; shape_type=&#8221;&#8221;][vc_column column_padding=&#8221;no-extra-padding&#8221; column_padding_tablet=&#8221;inherit&#8221; column_padding_phone=&#8221;inherit&#8221; column_padding_position=&#8221;all&#8221; column_element_spacing=&#8221;default&#8221; background_color_opacity=&#8221;1&#8243; background_hover_color_opacity=&#8221;1&#8243; column_shadow=&#8221;none&#8221; column_border_radius=&#8221;none&#8221; column_link_target=&#8221;_self&#8221; gradient_direction=&#8221;left_to_right&#8221; overlay_strength=&#8221;0.3&#8243; width=&#8221;1\/2&#8243; tablet_width_inherit=&#8221;default&#8221; tablet_text_alignment=&#8221;default&#8221; phone_text_alignment=&#8221;default&#8221; bg_image_animation=&#8221;none&#8221; enable_animation=&#8221;true&#8221; animation=&#8221;fade-in&#8221; border_type=&#8221;simple&#8221; column_border_width=&#8221;none&#8221; column_border_style=&#8221;solid&#8221;]<div class=\"nectar-fancy-ul\" data-list-icon=\"fa fa-chevron-right\" data-animation=\"false\" data-animation-delay=\"0\" data-color=\"accent-color\" data-spacing=\"15px\" data-alignment=\"left\"> \n<ul>\n<li>Office space in a three-story building<\/li>\n<li>Possibility to rent a parking space secured by automatic parking gate<\/li>\n<li>Internet connections<\/li>\n<li>Building secured by a private security company<\/li>\n<li>CCTV security system in the lobby, access to each of the floor wings controlled by electronic access system<\/li>\n<li>Available space for storage and archives<\/li>\n<li>Services available in the building include notary and law services, accounting, insurance, financial advisory, and real estate agency services<\/li>\n<li>New restaurant BistroMEX in the neighboring MARTIMEX building<\/li>\n<\/ul>\n <\/div>[\/vc_column][vc_column column_padding=&#8221;no-extra-padding&#8221; column_padding_tablet=&#8221;inherit&#8221; column_padding_phone=&#8221;inherit&#8221; column_padding_position=&#8221;all&#8221; column_element_spacing=&#8221;default&#8221; background_color_opacity=&#8221;1&#8243; background_hover_color_opacity=&#8221;1&#8243; column_shadow=&#8221;none&#8221; column_border_radius=&#8221;none&#8221; column_link_target=&#8221;_self&#8221; gradient_direction=&#8221;left_to_right&#8221; overlay_strength=&#8221;0.3&#8243; width=&#8221;1\/2&#8243; tablet_width_inherit=&#8221;default&#8221; tablet_text_alignment=&#8221;default&#8221; phone_text_alignment=&#8221;default&#8221; bg_image_animation=&#8221;none&#8221; enable_animation=&#8221;true&#8221; animation=&#8221;fade-in&#8221; border_type=&#8221;simple&#8221; column_border_width=&#8221;none&#8221; column_border_style=&#8221;solid&#8221; delay=&#8221;150&#8243;]<div class=\"nectar-fancy-ul\" data-list-icon=\"fa fa-chevron-right\" data-animation=\"false\" data-animation-delay=\"0\" data-color=\"accent-color\" data-spacing=\"15px\" data-alignment=\"left\"> \n<ul>\n<li>Easy access by a car and public transport<\/li>\n<\/ul>\n <\/div><div class=\"nectar-fancy-ul\" data-list-icon=\"fa fa-chevron-right\" data-animation=\"false\" data-animation-delay=\"0\" data-color=\"accent-color\" data-spacing=\"15px\" data-alignment=\"left\"> \n<ul>\n<li style=\"list-style-type: none;\">\n<ul>\n<li>Easy and fast access to the highway direction Bansk\u00e1 Bystrica, \u017dilina, Ru\u017eomberok<\/li>\n<li>Bus stops Martimex, \u0160tadi\u00f3n, and Ul. A. Pietra next to the building<\/li>\n<li>Suburban bus service stops \u0160tadi\u00f3n and Ul. A. Pietra next to the building<\/li>\n<\/ul>\n<\/li>\n<\/ul>\n <\/div><div class=\"nectar-fancy-ul\" data-list-icon=\"fa fa-chevron-right\" data-animation=\"false\" data-animation-delay=\"0\" data-color=\"accent-color\" data-spacing=\"15px\" data-alignment=\"left\"> \n<ul>\n<li>Next to the Martin District Court building<\/li>\n<li>5 min walking distance from the building of The Office of Labour, Social Affairs and Family, and the building of Martin District Traffic Inspectorate<\/li>\n<li>Wide range of amenities within 5 walk including \u2013 pharmacy, drugstore, Alza electronics store, Lidl grocery store, gym, swimming pool, tennis courts<\/li>\n<li>10 min walk to city center pedestrian zone<\/li>\n<li>Winter and summer maintenance of the parking area, regular cleaning and disinfection of office spaces<\/li>\n<\/ul>\n <\/div>[\/vc_column][\/vc_row][vc_row type=&#8221;full_width_background&#8221; full_screen_row_position=&#8221;middle&#8221; column_margin=&#8221;default&#8221; equal_height=&#8221;yes&#8221; content_placement=&#8221;middle&#8221; column_direction=&#8221;default&#8221; column_direction_tablet=&#8221;default&#8221; column_direction_phone=&#8221;default&#8221; bg_image=&#8221;6775&#8243; bg_position=&#8221;center center&#8221; background_image_loading=&#8221;default&#8221; bg_repeat=&#8221;no-repeat&#8221; scene_position=&#8221;center&#8221; top_padding=&#8221;5%&#8221; bottom_padding=&#8221;5%&#8221; top_padding_phone=&#8221;10%&#8221; bottom_padding_phone=&#8221;10%&#8221; text_color=&#8221;light&#8221; text_align=&#8221;center&#8221; row_border_radius=&#8221;none&#8221; row_border_radius_applies=&#8221;bg&#8221; color_overlay=&#8221;#2c579c&#8221; color_overlay_2=&#8221;#ffffff&#8221; overlay_strength=&#8221;0.95&#8243; gradient_direction=&#8221;top_to_bottom&#8221; shape_divider_position=&#8221;bottom&#8221; bg_image_animation=&#8221;none&#8221; parallax_bg=&#8221;true&#8221; parallax_bg_speed=&#8221;slow&#8221; shape_type=&#8221;&#8221;][vc_column column_padding=&#8221;no-extra-padding&#8221; column_padding_tablet=&#8221;inherit&#8221; column_padding_phone=&#8221;inherit&#8221; column_padding_position=&#8221;all&#8221; column_element_spacing=&#8221;default&#8221; centered_text=&#8221;true&#8221; background_color_opacity=&#8221;1&#8243; background_hover_color_opacity=&#8221;1&#8243; column_shadow=&#8221;none&#8221; column_border_radius=&#8221;none&#8221; column_link_target=&#8221;_self&#8221; gradient_direction=&#8221;left_to_right&#8221; overlay_strength=&#8221;0.3&#8243; width=&#8221;1\/1&#8243; tablet_width_inherit=&#8221;default&#8221; tablet_text_alignment=&#8221;default&#8221; phone_text_alignment=&#8221;default&#8221; bg_image_animation=&#8221;none&#8221; enable_animation=&#8221;true&#8221; animation=&#8221;flip-in-vertical&#8221; border_type=&#8221;simple&#8221; column_border_width=&#8221;none&#8221; column_border_style=&#8221;solid&#8221;][vc_custom_heading text=&#8221;I would like to rent&#8221; font_container=&#8221;tag:h3|text_align:center&#8221; use_theme_fonts=&#8221;yes&#8221;][nectar_btn size=&#8221;jumbo&#8221; button_style=&#8221;see-through-2&#8243; color_override=&#8221;#ffffff&#8221; hover_text_color_override=&#8221;#ffffff&#8221; icon_family=&#8221;none&#8221; text=&#8221;I am interested&#8221; url=&#8221;\/en\/kontakt\/&#8221; margin_top=&#8221;30&#8243;][\/vc_column][\/vc_row][vc_row type=&#8221;full_width_content&#8221; full_screen_row_position=&#8221;middle&#8221; column_margin=&#8221;default&#8221; equal_height=&#8221;yes&#8221; content_placement=&#8221;top&#8221; column_direction=&#8221;default&#8221; column_direction_tablet=&#8221;default&#8221; column_direction_phone=&#8221;default&#8221; scene_position=&#8221;center&#8221; text_color=&#8221;dark&#8221; text_align=&#8221;center&#8221; row_border_radius=&#8221;none&#8221; row_border_radius_applies=&#8221;bg&#8221; color_overlay_2=&#8221;#ffffff&#8221; overlay_strength=&#8221;1&#8243; gradient_direction=&#8221;top_to_bottom&#8221; shape_divider_position=&#8221;bottom&#8221; bg_image_animation=&#8221;none&#8221; parallax_bg=&#8221;true&#8221; parallax_bg_speed=&#8221;slow&#8221; shape_type=&#8221;&#8221;][vc_column column_padding=&#8221;no-extra-padding&#8221; column_padding_tablet=&#8221;inherit&#8221; column_padding_phone=&#8221;inherit&#8221; column_padding_position=&#8221;all&#8221; column_element_spacing=&#8221;default&#8221; background_color_opacity=&#8221;1&#8243; background_hover_color_opacity=&#8221;1&#8243; column_shadow=&#8221;none&#8221; column_border_radius=&#8221;none&#8221; column_link_target=&#8221;_self&#8221; gradient_direction=&#8221;left_to_right&#8221; overlay_strength=&#8221;0.3&#8243; width=&#8221;1\/1&#8243; tablet_width_inherit=&#8221;default&#8221; tablet_text_alignment=&#8221;default&#8221; phone_text_alignment=&#8221;default&#8221; bg_image_animation=&#8221;none&#8221; enable_animation=&#8221;true&#8221; animation=&#8221;fade-in-from-bottom&#8221; border_type=&#8221;simple&#8221; column_border_width=&#8221;none&#8221; column_border_style=&#8221;solid&#8221;][vc_column_text]<iframe loading=\"lazy\" style=\"border: 0;\" src=\"https:\/\/www.google.com\/maps\/embed?pb=!1m18!1m12!1m3!1d2613.729339125121!2d18.923179015914343!3d49.072779293540925!2m3!1f0!2f0!3f0!3m2!1i1024!2i768!4f13.1!3m3!1m2!1s0x4714ff2140902aab%3A0xe2599da762914629!2sEmila%20Boleslava%20Luk%C3%A1%C4%8Da%202%2C%20036%2001%20Martin!5e0!3m2!1ssk!2ssk!4v1615577529102!5m2!1ssk!2ssk\" width=\"100%\" height=\"450\" allowfullscreen=\"allowfullscreen\"><\/iframe>[\/vc_column_text][\/vc_column][\/vc_row][vc_row type=&#8221;full_width_background&#8221; full_screen_row_position=&#8221;middle&#8221; column_margin=&#8221;default&#8221; equal_height=&#8221;yes&#8221; content_placement=&#8221;top&#8221; column_direction=&#8221;default&#8221; column_direction_tablet=&#8221;default&#8221; column_direction_phone=&#8221;default&#8221; scene_position=&#8221;center&#8221; top_padding=&#8221;6%&#8221; bottom_padding=&#8221;6%&#8221; top_padding_phone=&#8221;12%&#8221; bottom_padding_phone=&#8221;12%&#8221; text_color=&#8221;dark&#8221; text_align=&#8221;left&#8221; row_border_radius=&#8221;none&#8221; row_border_radius_applies=&#8221;bg&#8221; overlay_strength=&#8221;0.3&#8243; gradient_direction=&#8221;left_to_right&#8221; shape_divider_position=&#8221;bottom&#8221; bg_image_animation=&#8221;none&#8221; shape_type=&#8221;&#8221;][vc_column column_padding=&#8221;no-extra-padding&#8221; column_padding_tablet=&#8221;inherit&#8221; column_padding_phone=&#8221;inherit&#8221; column_padding_position=&#8221;all&#8221; column_element_spacing=&#8221;default&#8221; background_color_opacity=&#8221;1&#8243; background_hover_color_opacity=&#8221;1&#8243; column_shadow=&#8221;none&#8221; column_border_radius=&#8221;none&#8221; column_link_target=&#8221;_self&#8221; gradient_direction=&#8221;left_to_right&#8221; overlay_strength=&#8221;0.3&#8243; width=&#8221;1\/1&#8243; tablet_width_inherit=&#8221;default&#8221; tablet_text_alignment=&#8221;default&#8221; phone_text_alignment=&#8221;default&#8221; bg_image_animation=&#8221;none&#8221; border_type=&#8221;simple&#8221; column_border_width=&#8221;none&#8221; column_border_style=&#8221;solid&#8221;][vc_gallery type=&#8221;image_grid&#8221; images=&#8221;6781,6782,6783,6784,6785,6786,6787,6788,6789,6790,6791,6792&#8243; image_grid_loading=&#8221;default&#8221; layout=&#8221;4&#8243; item_spacing=&#8221;6px&#8221; gallery_style=&#8221;7&#8243; load_in_animation=&#8221;fade_in&#8221; img_size=&#8221;450&#215;320&#8243;][\/vc_column][\/vc_row]\n<\/div>","protected":false},"excerpt":{"rendered":"<p>[vc_row type=&#8221;full_width_background&#8221; full_screen_row_position=&#8221;middle&#8221; column_margin=&#8221;default&#8221; equal_height=&#8221;yes&#8221; content_placement=&#8221;top&#8221; column_direction=&#8221;default&#8221; column_direction_tablet=&#8221;default&#8221; column_direction_phone=&#8221;default&#8221; bg_image=&#8221;6782&#8243; bg_position=&#8221;center top&#8221; background_image_loading=&#8221;default&#8221; bg_repeat=&#8221;no-repeat&#8221; scene_position=&#8221;center&#8221; top_padding=&#8221;6%&#8221; bottom_padding=&#8221;6%&#8221; top_padding_phone=&#8221;12%&#8221; bottom_padding_phone=&#8221;12%&#8221; text_color=&#8221;dark&#8221; text_align=&#8221;left&#8221; row_border_radius=&#8221;none&#8221; row_border_radius_applies=&#8221;bg&#8221; enable_gradient=&#8221;true&#8221; color_overlay=&#8221;rgba(255,255,255,0.73)&#8221; color_overlay_2=&#8221;#ffffff&#8221; overlay_strength=&#8221;1&#8243; gradient_direction=&#8221;top_to_bottom&#8221; shape_divider_position=&#8221;bottom&#8221; bg_image_animation=&#8221;none&#8221;&#8230;<\/p>\n","protected":false},"author":1,"featured_media":0,"parent":0,"menu_order":0,"comment_status":"closed","ping_status":"closed","template":"","meta":{"footnotes":""},"class_list":["post-7520","page","type-page","status-publish"],"acf":[],"yoast_head":"<!-- This site is optimized with the Yoast SEO Premium plugin v26.2 (Yoast SEO v26.2) - https:\/\/yoast.com\/wordpress\/plugins\/seo\/ -->\n<title>Ro\u013en\u00edcka \u0161kola (E.B. Luk\u00e1\u010da no. 2) - Martimex<\/title>\n<meta name=\"robots\" content=\"index, follow, max-snippet:-1, max-image-preview:large, max-video-preview:-1\" \/>\n<link rel=\"canonical\" href=\"https:\/\/martimex.sk\/rolnicka-skola-ul-e-b-lukaca-c-2\/\" \/>\n<meta property=\"og:locale\" content=\"en_US\" \/>\n<meta property=\"og:type\" content=\"article\" \/>\n<meta property=\"og:title\" content=\"Ro\u013en\u00edcka \u0161kola (E.B. Luk\u00e1\u010da no. 2)\" \/>\n<meta property=\"og:description\" content=\"[vc_row type=&#8221;full_width_background&#8221; full_screen_row_position=&#8221;middle&#8221; column_margin=&#8221;default&#8221; equal_height=&#8221;yes&#8221; content_placement=&#8221;top&#8221; column_direction=&#8221;default&#8221; column_direction_tablet=&#8221;default&#8221; column_direction_phone=&#8221;default&#8221; bg_image=&#8221;6782&#8243; bg_position=&#8221;center top&#8221; background_image_loading=&#8221;default&#8221; bg_repeat=&#8221;no-repeat&#8221; scene_position=&#8221;center&#8221; top_padding=&#8221;6%&#8221; bottom_padding=&#8221;6%&#8221; top_padding_phone=&#8221;12%&#8221; bottom_padding_phone=&#8221;12%&#8221; text_color=&#8221;dark&#8221; text_align=&#8221;left&#8221; row_border_radius=&#8221;none&#8221; row_border_radius_applies=&#8221;bg&#8221; enable_gradient=&#8221;true&#8221; color_overlay=&#8221;rgba(255,255,255,0.73)&#8221; color_overlay_2=&#8221;#ffffff&#8221; overlay_strength=&#8221;1&#8243; gradient_direction=&#8221;top_to_bottom&#8221; shape_divider_position=&#8221;bottom&#8221; bg_image_animation=&#8221;none&#8221;...\" \/>\n<meta property=\"og:url\" content=\"https:\/\/martimex.sk\/rolnicka-skola-ul-e-b-lukaca-c-2\/\" \/>\n<meta property=\"og:site_name\" content=\"Martimex\" \/>\n<meta property=\"article:modified_time\" content=\"2021-09-09T16:06:21+00:00\" \/>\n<meta property=\"og:image\" content=\"https:\/\/martimex.sk\/wp-content\/uploads\/2021\/03\/martimex-fb.jpg\" \/>\n\t<meta property=\"og:image:width\" content=\"1200\" \/>\n\t<meta property=\"og:image:height\" content=\"630\" \/>\n\t<meta property=\"og:image:type\" content=\"image\/jpeg\" \/>\n<meta name=\"twitter:card\" content=\"summary_large_image\" \/>\n<meta name=\"twitter:label1\" content=\"Est. reading time\" \/>\n\t<meta name=\"twitter:data1\" content=\"3 minutes\" \/>\n<script type=\"application\/ld+json\" class=\"yoast-schema-graph\">{\"@context\":\"https:\/\/schema.org\",\"@graph\":[{\"@type\":\"WebPage\",\"@id\":\"https:\/\/martimex.sk\/rolnicka-skola-ul-e-b-lukaca-c-2\/\",\"url\":\"https:\/\/martimex.sk\/rolnicka-skola-ul-e-b-lukaca-c-2\/\",\"name\":\"Ro\u013en\u00edcka \u0161kola (E.B. Luk\u00e1\u010da no. 2) - Martimex\",\"isPartOf\":{\"@id\":\"https:\/\/martimex.sk\/#website\"},\"datePublished\":\"2021-03-12T19:24:48+00:00\",\"dateModified\":\"2021-09-09T16:06:21+00:00\",\"breadcrumb\":{\"@id\":\"https:\/\/martimex.sk\/rolnicka-skola-ul-e-b-lukaca-c-2\/#breadcrumb\"},\"inLanguage\":\"en-US\",\"potentialAction\":[{\"@type\":\"ReadAction\",\"target\":[\"https:\/\/martimex.sk\/rolnicka-skola-ul-e-b-lukaca-c-2\/\"]}]},{\"@type\":\"BreadcrumbList\",\"@id\":\"https:\/\/martimex.sk\/rolnicka-skola-ul-e-b-lukaca-c-2\/#breadcrumb\",\"itemListElement\":[{\"@type\":\"ListItem\",\"position\":1,\"name\":\"Home\",\"item\":\"https:\/\/martimex.sk\/en\/\"},{\"@type\":\"ListItem\",\"position\":2,\"name\":\"Ro\u013en\u00edcka \u0161kola (E.B. Luk\u00e1\u010da no. 2)\"}]},{\"@type\":\"WebSite\",\"@id\":\"https:\/\/martimex.sk\/#website\",\"url\":\"https:\/\/martimex.sk\/\",\"name\":\"Martimex\",\"description\":\"Len \u010fal\u0161ia WordPress str\u00e1nka\",\"publisher\":{\"@id\":\"https:\/\/martimex.sk\/#organization\"},\"potentialAction\":[{\"@type\":\"SearchAction\",\"target\":{\"@type\":\"EntryPoint\",\"urlTemplate\":\"https:\/\/martimex.sk\/?s={search_term_string}\"},\"query-input\":{\"@type\":\"PropertyValueSpecification\",\"valueRequired\":true,\"valueName\":\"search_term_string\"}}],\"inLanguage\":\"en-US\"},{\"@type\":\"Organization\",\"@id\":\"https:\/\/martimex.sk\/#organization\",\"name\":\"Martimex, a.s.\",\"url\":\"https:\/\/martimex.sk\/\",\"logo\":{\"@type\":\"ImageObject\",\"inLanguage\":\"en-US\",\"@id\":\"https:\/\/martimex.sk\/#\/schema\/logo\/image\/\",\"url\":\"https:\/\/martimex.sk\/wp-content\/uploads\/2021\/03\/martimex-logo.png\",\"contentUrl\":\"https:\/\/martimex.sk\/wp-content\/uploads\/2021\/03\/martimex-logo.png\",\"width\":559,\"height\":100,\"caption\":\"Martimex, a.s.\"},\"image\":{\"@id\":\"https:\/\/martimex.sk\/#\/schema\/logo\/image\/\"}}]}<\/script>\n<!-- \/ Yoast SEO Premium plugin. -->","yoast_head_json":{"title":"Ro\u013en\u00edcka \u0161kola (E.B. Luk\u00e1\u010da no. 2) - Martimex","robots":{"index":"index","follow":"follow","max-snippet":"max-snippet:-1","max-image-preview":"max-image-preview:large","max-video-preview":"max-video-preview:-1"},"canonical":"https:\/\/martimex.sk\/rolnicka-skola-ul-e-b-lukaca-c-2\/","og_locale":"en_US","og_type":"article","og_title":"Ro\u013en\u00edcka \u0161kola (E.B. Luk\u00e1\u010da no. 2)","og_description":"[vc_row type=&#8221;full_width_background&#8221; full_screen_row_position=&#8221;middle&#8221; column_margin=&#8221;default&#8221; equal_height=&#8221;yes&#8221; content_placement=&#8221;top&#8221; column_direction=&#8221;default&#8221; column_direction_tablet=&#8221;default&#8221; column_direction_phone=&#8221;default&#8221; bg_image=&#8221;6782&#8243; bg_position=&#8221;center top&#8221; background_image_loading=&#8221;default&#8221; bg_repeat=&#8221;no-repeat&#8221; scene_position=&#8221;center&#8221; top_padding=&#8221;6%&#8221; bottom_padding=&#8221;6%&#8221; top_padding_phone=&#8221;12%&#8221; bottom_padding_phone=&#8221;12%&#8221; text_color=&#8221;dark&#8221; text_align=&#8221;left&#8221; row_border_radius=&#8221;none&#8221; row_border_radius_applies=&#8221;bg&#8221; enable_gradient=&#8221;true&#8221; color_overlay=&#8221;rgba(255,255,255,0.73)&#8221; color_overlay_2=&#8221;#ffffff&#8221; overlay_strength=&#8221;1&#8243; gradient_direction=&#8221;top_to_bottom&#8221; shape_divider_position=&#8221;bottom&#8221; bg_image_animation=&#8221;none&#8221;...","og_url":"https:\/\/martimex.sk\/rolnicka-skola-ul-e-b-lukaca-c-2\/","og_site_name":"Martimex","article_modified_time":"2021-09-09T16:06:21+00:00","og_image":[{"width":1200,"height":630,"url":"https:\/\/martimex.sk\/wp-content\/uploads\/2021\/03\/martimex-fb.jpg","type":"image\/jpeg"}],"twitter_card":"summary_large_image","twitter_misc":{"Est. reading time":"3 minutes"},"schema":{"@context":"https:\/\/schema.org","@graph":[{"@type":"WebPage","@id":"https:\/\/martimex.sk\/rolnicka-skola-ul-e-b-lukaca-c-2\/","url":"https:\/\/martimex.sk\/rolnicka-skola-ul-e-b-lukaca-c-2\/","name":"Ro\u013en\u00edcka \u0161kola (E.B. Luk\u00e1\u010da no. 2) - Martimex","isPartOf":{"@id":"https:\/\/martimex.sk\/#website"},"datePublished":"2021-03-12T19:24:48+00:00","dateModified":"2021-09-09T16:06:21+00:00","breadcrumb":{"@id":"https:\/\/martimex.sk\/rolnicka-skola-ul-e-b-lukaca-c-2\/#breadcrumb"},"inLanguage":"en-US","potentialAction":[{"@type":"ReadAction","target":["https:\/\/martimex.sk\/rolnicka-skola-ul-e-b-lukaca-c-2\/"]}]},{"@type":"BreadcrumbList","@id":"https:\/\/martimex.sk\/rolnicka-skola-ul-e-b-lukaca-c-2\/#breadcrumb","itemListElement":[{"@type":"ListItem","position":1,"name":"Home","item":"https:\/\/martimex.sk\/en\/"},{"@type":"ListItem","position":2,"name":"Ro\u013en\u00edcka \u0161kola (E.B. Luk\u00e1\u010da no. 2)"}]},{"@type":"WebSite","@id":"https:\/\/martimex.sk\/#website","url":"https:\/\/martimex.sk\/","name":"Martimex","description":"Len \u010fal\u0161ia WordPress str\u00e1nka","publisher":{"@id":"https:\/\/martimex.sk\/#organization"},"potentialAction":[{"@type":"SearchAction","target":{"@type":"EntryPoint","urlTemplate":"https:\/\/martimex.sk\/?s={search_term_string}"},"query-input":{"@type":"PropertyValueSpecification","valueRequired":true,"valueName":"search_term_string"}}],"inLanguage":"en-US"},{"@type":"Organization","@id":"https:\/\/martimex.sk\/#organization","name":"Martimex, a.s.","url":"https:\/\/martimex.sk\/","logo":{"@type":"ImageObject","inLanguage":"en-US","@id":"https:\/\/martimex.sk\/#\/schema\/logo\/image\/","url":"https:\/\/martimex.sk\/wp-content\/uploads\/2021\/03\/martimex-logo.png","contentUrl":"https:\/\/martimex.sk\/wp-content\/uploads\/2021\/03\/martimex-logo.png","width":559,"height":100,"caption":"Martimex, a.s."},"image":{"@id":"https:\/\/martimex.sk\/#\/schema\/logo\/image\/"}}]}},"_links":{"self":[{"href":"https:\/\/martimex.sk\/en\/wp-json\/wp\/v2\/pages\/7520","targetHints":{"allow":["GET"]}}],"collection":[{"href":"https:\/\/martimex.sk\/en\/wp-json\/wp\/v2\/pages"}],"about":[{"href":"https:\/\/martimex.sk\/en\/wp-json\/wp\/v2\/types\/page"}],"author":[{"embeddable":true,"href":"https:\/\/martimex.sk\/en\/wp-json\/wp\/v2\/users\/1"}],"replies":[{"embeddable":true,"href":"https:\/\/martimex.sk\/en\/wp-json\/wp\/v2\/comments?post=7520"}],"version-history":[{"count":6,"href":"https:\/\/martimex.sk\/en\/wp-json\/wp\/v2\/pages\/7520\/revisions"}],"predecessor-version":[{"id":7827,"href":"https:\/\/martimex.sk\/en\/wp-json\/wp\/v2\/pages\/7520\/revisions\/7827"}],"wp:attachment":[{"href":"https:\/\/martimex.sk\/en\/wp-json\/wp\/v2\/media?parent=7520"}],"curies":[{"name":"wp","href":"https:\/\/api.w.org\/{rel}","templated":true}]}}