{"id":7693,"date":"2021-03-19T17:59:17","date_gmt":"2021-03-19T16:59:17","guid":{"rendered":"https:\/\/martimex.sk\/obchodna-cinnost\/"},"modified":"2025-08-11T10:45:22","modified_gmt":"2025-08-11T08:45:22","slug":"obchodna-cinnost","status":"publish","type":"page","link":"https:\/\/martimex.sk\/de\/obchodna-cinnost\/","title":{"rendered":"Handelst\u00e4tigkeit"},"content":{"rendered":"<div class=\"nolwrap\">[vc_row type=&#8220;full_width_background&#8220; full_screen_row_position=&#8220;middle&#8220; column_margin=&#8220;default&#8220; equal_height=&#8220;yes&#8220; content_placement=&#8220;top&#8220; column_direction=&#8220;default&#8220; column_direction_tablet=&#8220;default&#8220; column_direction_phone=&#8220;default&#8220; scene_position=&#8220;center&#8220; top_padding=&#8220;8%&#8220; bottom_padding=&#8220;6%&#8220; top_padding_phone=&#8220;16%&#8220; bottom_padding_phone=&#8220;12%&#8220; text_color=&#8220;dark&#8220; text_align=&#8220;left&#8220; row_border_radius=&#8220;none&#8220; row_border_radius_applies=&#8220;bg&#8220; enable_gradient=&#8220;true&#8220; color_overlay=&#8220;rgba(255,255,255,0.73)&#8220; color_overlay_2=&#8220;#ffffff&#8220; overlay_strength=&#8220;1&#8243; gradient_direction=&#8220;top_to_bottom&#8220; shape_divider_position=&#8220;bottom&#8220; bg_image_animation=&#8220;none&#8220; parallax_bg=&#8220;true&#8220; parallax_bg_speed=&#8220;slow&#8220; shape_type=&#8220;&#8220;][vc_column column_padding=&#8220;no-extra-padding&#8220; column_padding_tablet=&#8220;inherit&#8220; column_padding_phone=&#8220;inherit&#8220; column_padding_position=&#8220;all&#8220; column_element_spacing=&#8220;default&#8220; background_color_opacity=&#8220;1&#8243; background_hover_color_opacity=&#8220;1&#8243; column_shadow=&#8220;none&#8220; column_border_radius=&#8220;none&#8220; column_link_target=&#8220;_self&#8220; gradient_direction=&#8220;left_to_right&#8220; overlay_strength=&#8220;0.3&#8243; width=&#8220;1\/1&#8243; tablet_width_inherit=&#8220;default&#8220; tablet_text_alignment=&#8220;default&#8220; phone_text_alignment=&#8220;default&#8220; bg_image_animation=&#8220;none&#8220; border_type=&#8220;simple&#8220; column_border_width=&#8220;none&#8220; column_border_style=&#8220;solid&#8220;][vc_custom_heading text=&#8220;Handelst\u00e4tigkeit&#8220; font_container=&#8220;tag:h1|text_align:left&#8220; use_theme_fonts=&#8220;yes&#8220; css_animation=&#8220;fadeIn&#8220;][\/vc_column][\/vc_row][vc_row type=&#8220;full_width_background&#8220; full_screen_row_position=&#8220;middle&#8220; column_margin=&#8220;default&#8220; equal_height=&#8220;yes&#8220; content_placement=&#8220;middle&#8220; column_direction=&#8220;default&#8220; column_direction_tablet=&#8220;default&#8220; column_direction_phone=&#8220;default&#8220; scene_position=&#8220;center&#8220; bottom_padding=&#8220;6%&#8220; bottom_padding_phone=&#8220;12%&#8220; text_color=&#8220;dark&#8220; text_align=&#8220;left&#8220; row_border_radius=&#8220;none&#8220; row_border_radius_applies=&#8220;bg&#8220; color_overlay_2=&#8220;#e2e2e2&#8243; overlay_strength=&#8220;1&#8243; gradient_direction=&#8220;top_to_bottom&#8220; shape_divider_color=&#8220;#f4f4f4&#8243; shape_divider_position=&#8220;bottom&#8220; shape_divider_height=&#8220;40%&#8220; bg_image_animation=&#8220;none&#8220; shape_type=&#8220;curve_opacity&#8220;][vc_column column_padding=&#8220;no-extra-padding&#8220; column_padding_tablet=&#8220;inherit&#8220; column_padding_phone=&#8220;inherit&#8220; column_padding_position=&#8220;right&#8220; column_element_spacing=&#8220;default&#8220; background_color_opacity=&#8220;1&#8243; background_hover_color_opacity=&#8220;1&#8243; column_shadow=&#8220;none&#8220; column_border_radius=&#8220;none&#8220; column_link_target=&#8220;_self&#8220; gradient_direction=&#8220;left_to_right&#8220; overlay_strength=&#8220;0.3&#8243; width=&#8220;1\/1&#8243; tablet_width_inherit=&#8220;default&#8220; tablet_text_alignment=&#8220;default&#8220; phone_text_alignment=&#8220;default&#8220; bg_image_animation=&#8220;none&#8220; border_type=&#8220;simple&#8220; column_border_width=&#8220;none&#8220; column_border_style=&#8220;solid&#8220;][vc_row_inner column_margin=&#8220;20px&#8220; column_direction=&#8220;default&#8220; column_direction_tablet=&#8220;default&#8220; column_direction_phone=&#8220;default&#8220; text_align=&#8220;left&#8220;][vc_column_inner column_padding=&#8220;no-extra-padding&#8220; column_padding_tablet=&#8220;inherit&#8220; column_padding_phone=&#8220;inherit&#8220; column_padding_position=&#8220;all&#8220; column_element_spacing=&#8220;default&#8220; background_color_opacity=&#8220;1&#8243; background_hover_color_opacity=&#8220;1&#8243; column_shadow=&#8220;none&#8220; column_border_radius=&#8220;none&#8220; column_link_target=&#8220;_self&#8220; gradient_direction=&#8220;left_to_right&#8220; overlay_strength=&#8220;0.3&#8243; width=&#8220;1\/2&#8243; tablet_width_inherit=&#8220;default&#8220; bg_image_animation=&#8220;none&#8220; enable_animation=&#8220;true&#8220; animation=&#8220;fade-in-from-bottom&#8220; border_type=&#8220;simple&#8220; column_border_width=&#8220;none&#8220; column_border_style=&#8220;solid&#8220;][fancy_box box_style=&#8220;hover_desc&#8220; icon_family=&#8220;none&#8220; image_url=&#8220;7130&#8243; link_new_tab=&#8220;true&#8220; hover_color=&#8220;accent-color&#8220; box_alignment=&#8220;left&#8220; hover_desc_bg_animation=&#8220;short_zoom&#8220; border_radius=&#8220;5px&#8220; image_loading=&#8220;lazy-load&#8220; color_scheme=&#8220;dark&#8220; secondary_content=&#8220;here&#8217;s some awesome text that would only be shown on hover&#8220; min_height=&#8220;350&#8243; link_url=&#8220;\/de\/axialne-regulacne-piestove-cerpadla-serie-20\/&#8220;]\n<h4><strong>Axiale Kolbenverstellpumpen<\/strong> Serie 20<\/h4>\n[\/fancy_box][\/vc_column_inner][vc_column_inner column_padding=&#8220;no-extra-padding&#8220; column_padding_tablet=&#8220;inherit&#8220; column_padding_phone=&#8220;inherit&#8220; column_padding_position=&#8220;all&#8220; column_element_spacing=&#8220;default&#8220; background_color_opacity=&#8220;1&#8243; background_hover_color_opacity=&#8220;1&#8243; column_shadow=&#8220;none&#8220; column_border_radius=&#8220;none&#8220; column_link_target=&#8220;_self&#8220; gradient_direction=&#8220;left_to_right&#8220; overlay_strength=&#8220;0.3&#8243; width=&#8220;1\/2&#8243; tablet_width_inherit=&#8220;default&#8220; bg_image_animation=&#8220;none&#8220; enable_animation=&#8220;true&#8220; animation=&#8220;fade-in-from-bottom&#8220; border_type=&#8220;simple&#8220; column_border_width=&#8220;none&#8220; column_border_style=&#8220;solid&#8220; delay=&#8220;100&#8243;][fancy_box box_style=&#8220;hover_desc&#8220; icon_family=&#8220;none&#8220; image_url=&#8220;7132&#8243; link_new_tab=&#8220;true&#8220; hover_color=&#8220;accent-color&#8220; box_alignment=&#8220;left&#8220; hover_desc_bg_animation=&#8220;short_zoom&#8220; border_radius=&#8220;5px&#8220; image_loading=&#8220;lazy-load&#8220; color_scheme=&#8220;dark&#8220; secondary_content=&#8220;here&#8217;s some awesome text that would only be shown on hover&#8220; min_height=&#8220;350&#8243; link_url=&#8220;\/de\/axialne-piestove-hydromotory-serie-20\/&#8220;]\n<h4><strong>Axiale Kolbenhydromotoren<\/strong> Serie 20<\/h4>\n[\/fancy_box][\/vc_column_inner][\/vc_row_inner][\/vc_column][\/vc_row]\n<\/div>","protected":false},"excerpt":{"rendered":"<p>[vc_row type=&#8220;full_width_background&#8220; full_screen_row_position=&#8220;middle&#8220; column_margin=&#8220;default&#8220; equal_height=&#8220;yes&#8220; content_placement=&#8220;top&#8220; column_direction=&#8220;default&#8220; column_direction_tablet=&#8220;default&#8220; column_direction_phone=&#8220;default&#8220; scene_position=&#8220;center&#8220; top_padding=&#8220;8%&#8220; bottom_padding=&#8220;6%&#8220; top_padding_phone=&#8220;16%&#8220; bottom_padding_phone=&#8220;12%&#8220; text_color=&#8220;dark&#8220; text_align=&#8220;left&#8220; row_border_radius=&#8220;none&#8220; row_border_radius_applies=&#8220;bg&#8220; enable_gradient=&#8220;true&#8220; color_overlay=&#8220;rgba(255,255,255,0.73)&#8220; color_overlay_2=&#8220;#ffffff&#8220; overlay_strength=&#8220;1&#8243; gradient_direction=&#8220;top_to_bottom&#8220; shape_divider_position=&#8220;bottom&#8220; bg_image_animation=&#8220;none&#8220; parallax_bg=&#8220;true&#8220; parallax_bg_speed=&#8220;slow&#8220; shape_type=&#8220;&#8220;][vc_column column_padding=&#8220;no-extra-padding&#8220; column_padding_tablet=&#8220;inherit&#8220;&#8230;<\/p>\n","protected":false},"author":1,"featured_media":0,"parent":0,"menu_order":0,"comment_status":"closed","ping_status":"closed","template":"","meta":{"footnotes":""},"class_list":["post-7693","page","type-page","status-publish"],"acf":[],"yoast_head":"<!-- This site is optimized with the Yoast SEO Premium plugin v26.2 (Yoast SEO v26.2) - https:\/\/yoast.com\/wordpress\/plugins\/seo\/ -->\n<title>Handelst\u00e4tigkeit - Martimex<\/title>\n<meta name=\"robots\" content=\"index, follow, max-snippet:-1, max-image-preview:large, max-video-preview:-1\" \/>\n<link rel=\"canonical\" href=\"https:\/\/martimex.sk\/obchodna-cinnost\/\" \/>\n<meta property=\"og:locale\" content=\"de_DE\" \/>\n<meta property=\"og:type\" content=\"article\" \/>\n<meta property=\"og:title\" content=\"Handelst\u00e4tigkeit\" \/>\n<meta property=\"og:description\" content=\"[vc_row type=&#8220;full_width_background&#8220; full_screen_row_position=&#8220;middle&#8220; column_margin=&#8220;default&#8220; equal_height=&#8220;yes&#8220; content_placement=&#8220;top&#8220; column_direction=&#8220;default&#8220; column_direction_tablet=&#8220;default&#8220; column_direction_phone=&#8220;default&#8220; scene_position=&#8220;center&#8220; top_padding=&#8220;8%&#8220; bottom_padding=&#8220;6%&#8220; top_padding_phone=&#8220;16%&#8220; bottom_padding_phone=&#8220;12%&#8220; text_color=&#8220;dark&#8220; text_align=&#8220;left&#8220; row_border_radius=&#8220;none&#8220; row_border_radius_applies=&#8220;bg&#8220; enable_gradient=&#8220;true&#8220; color_overlay=&#8220;rgba(255,255,255,0.73)&#8220; color_overlay_2=&#8220;#ffffff&#8220; overlay_strength=&#8220;1&#8243; gradient_direction=&#8220;top_to_bottom&#8220; shape_divider_position=&#8220;bottom&#8220; bg_image_animation=&#8220;none&#8220; parallax_bg=&#8220;true&#8220; parallax_bg_speed=&#8220;slow&#8220; shape_type=&#8220;&#8220;][vc_column column_padding=&#8220;no-extra-padding&#8220; column_padding_tablet=&#8220;inherit&#8220;...\" \/>\n<meta property=\"og:url\" content=\"https:\/\/martimex.sk\/obchodna-cinnost\/\" \/>\n<meta property=\"og:site_name\" content=\"Martimex\" \/>\n<meta property=\"article:modified_time\" content=\"2025-08-11T08:45:22+00:00\" \/>\n<meta property=\"og:image\" content=\"https:\/\/martimex.sk\/wp-content\/uploads\/2021\/03\/martimex-fb.jpg\" \/>\n\t<meta property=\"og:image:width\" content=\"1200\" \/>\n\t<meta property=\"og:image:height\" content=\"630\" \/>\n\t<meta property=\"og:image:type\" content=\"image\/jpeg\" \/>\n<meta name=\"twitter:card\" content=\"summary_large_image\" \/>\n<meta name=\"twitter:label1\" content=\"Gesch\u00e4tzte Lesezeit\" \/>\n\t<meta name=\"twitter:data1\" content=\"2 Minuten\" \/>\n<script type=\"application\/ld+json\" class=\"yoast-schema-graph\">{\"@context\":\"https:\/\/schema.org\",\"@graph\":[{\"@type\":\"WebPage\",\"@id\":\"https:\/\/martimex.sk\/obchodna-cinnost\/\",\"url\":\"https:\/\/martimex.sk\/obchodna-cinnost\/\",\"name\":\"Handelst\u00e4tigkeit - Martimex\",\"isPartOf\":{\"@id\":\"https:\/\/martimex.sk\/#website\"},\"datePublished\":\"2021-03-19T16:59:17+00:00\",\"dateModified\":\"2025-08-11T08:45:22+00:00\",\"breadcrumb\":{\"@id\":\"https:\/\/martimex.sk\/obchodna-cinnost\/#breadcrumb\"},\"inLanguage\":\"de-DE\",\"potentialAction\":[{\"@type\":\"ReadAction\",\"target\":[\"https:\/\/martimex.sk\/obchodna-cinnost\/\"]}]},{\"@type\":\"BreadcrumbList\",\"@id\":\"https:\/\/martimex.sk\/obchodna-cinnost\/#breadcrumb\",\"itemListElement\":[{\"@type\":\"ListItem\",\"position\":1,\"name\":\"Home\",\"item\":\"https:\/\/martimex.sk\/\"},{\"@type\":\"ListItem\",\"position\":2,\"name\":\"Handelst\u00e4tigkeit\"}]},{\"@type\":\"WebSite\",\"@id\":\"https:\/\/martimex.sk\/#website\",\"url\":\"https:\/\/martimex.sk\/\",\"name\":\"Martimex\",\"description\":\"Len \u010fal\u0161ia WordPress str\u00e1nka\",\"publisher\":{\"@id\":\"https:\/\/martimex.sk\/#organization\"},\"potentialAction\":[{\"@type\":\"SearchAction\",\"target\":{\"@type\":\"EntryPoint\",\"urlTemplate\":\"https:\/\/martimex.sk\/?s={search_term_string}\"},\"query-input\":{\"@type\":\"PropertyValueSpecification\",\"valueRequired\":true,\"valueName\":\"search_term_string\"}}],\"inLanguage\":\"de-DE\"},{\"@type\":\"Organization\",\"@id\":\"https:\/\/martimex.sk\/#organization\",\"name\":\"Martimex, a.s.\",\"url\":\"https:\/\/martimex.sk\/\",\"logo\":{\"@type\":\"ImageObject\",\"inLanguage\":\"de-DE\",\"@id\":\"https:\/\/martimex.sk\/#\/schema\/logo\/image\/\",\"url\":\"https:\/\/martimex.sk\/wp-content\/uploads\/2021\/03\/martimex-logo.png\",\"contentUrl\":\"https:\/\/martimex.sk\/wp-content\/uploads\/2021\/03\/martimex-logo.png\",\"width\":559,\"height\":100,\"caption\":\"Martimex, a.s.\"},\"image\":{\"@id\":\"https:\/\/martimex.sk\/#\/schema\/logo\/image\/\"}}]}<\/script>\n<!-- \/ Yoast SEO Premium plugin. -->","yoast_head_json":{"title":"Handelst\u00e4tigkeit - Martimex","robots":{"index":"index","follow":"follow","max-snippet":"max-snippet:-1","max-image-preview":"max-image-preview:large","max-video-preview":"max-video-preview:-1"},"canonical":"https:\/\/martimex.sk\/obchodna-cinnost\/","og_locale":"de_DE","og_type":"article","og_title":"Handelst\u00e4tigkeit","og_description":"[vc_row type=&#8220;full_width_background&#8220; full_screen_row_position=&#8220;middle&#8220; column_margin=&#8220;default&#8220; equal_height=&#8220;yes&#8220; content_placement=&#8220;top&#8220; column_direction=&#8220;default&#8220; column_direction_tablet=&#8220;default&#8220; column_direction_phone=&#8220;default&#8220; scene_position=&#8220;center&#8220; top_padding=&#8220;8%&#8220; bottom_padding=&#8220;6%&#8220; top_padding_phone=&#8220;16%&#8220; bottom_padding_phone=&#8220;12%&#8220; text_color=&#8220;dark&#8220; text_align=&#8220;left&#8220; row_border_radius=&#8220;none&#8220; row_border_radius_applies=&#8220;bg&#8220; enable_gradient=&#8220;true&#8220; color_overlay=&#8220;rgba(255,255,255,0.73)&#8220; color_overlay_2=&#8220;#ffffff&#8220; overlay_strength=&#8220;1&#8243; gradient_direction=&#8220;top_to_bottom&#8220; shape_divider_position=&#8220;bottom&#8220; bg_image_animation=&#8220;none&#8220; parallax_bg=&#8220;true&#8220; parallax_bg_speed=&#8220;slow&#8220; shape_type=&#8220;&#8220;][vc_column column_padding=&#8220;no-extra-padding&#8220; column_padding_tablet=&#8220;inherit&#8220;...","og_url":"https:\/\/martimex.sk\/obchodna-cinnost\/","og_site_name":"Martimex","article_modified_time":"2025-08-11T08:45:22+00:00","og_image":[{"width":1200,"height":630,"url":"https:\/\/martimex.sk\/wp-content\/uploads\/2021\/03\/martimex-fb.jpg","type":"image\/jpeg"}],"twitter_card":"summary_large_image","twitter_misc":{"Gesch\u00e4tzte Lesezeit":"2 Minuten"},"schema":{"@context":"https:\/\/schema.org","@graph":[{"@type":"WebPage","@id":"https:\/\/martimex.sk\/obchodna-cinnost\/","url":"https:\/\/martimex.sk\/obchodna-cinnost\/","name":"Handelst\u00e4tigkeit - Martimex","isPartOf":{"@id":"https:\/\/martimex.sk\/#website"},"datePublished":"2021-03-19T16:59:17+00:00","dateModified":"2025-08-11T08:45:22+00:00","breadcrumb":{"@id":"https:\/\/martimex.sk\/obchodna-cinnost\/#breadcrumb"},"inLanguage":"de-DE","potentialAction":[{"@type":"ReadAction","target":["https:\/\/martimex.sk\/obchodna-cinnost\/"]}]},{"@type":"BreadcrumbList","@id":"https:\/\/martimex.sk\/obchodna-cinnost\/#breadcrumb","itemListElement":[{"@type":"ListItem","position":1,"name":"Home","item":"https:\/\/martimex.sk\/"},{"@type":"ListItem","position":2,"name":"Handelst\u00e4tigkeit"}]},{"@type":"WebSite","@id":"https:\/\/martimex.sk\/#website","url":"https:\/\/martimex.sk\/","name":"Martimex","description":"Len \u010fal\u0161ia WordPress str\u00e1nka","publisher":{"@id":"https:\/\/martimex.sk\/#organization"},"potentialAction":[{"@type":"SearchAction","target":{"@type":"EntryPoint","urlTemplate":"https:\/\/martimex.sk\/?s={search_term_string}"},"query-input":{"@type":"PropertyValueSpecification","valueRequired":true,"valueName":"search_term_string"}}],"inLanguage":"de-DE"},{"@type":"Organization","@id":"https:\/\/martimex.sk\/#organization","name":"Martimex, a.s.","url":"https:\/\/martimex.sk\/","logo":{"@type":"ImageObject","inLanguage":"de-DE","@id":"https:\/\/martimex.sk\/#\/schema\/logo\/image\/","url":"https:\/\/martimex.sk\/wp-content\/uploads\/2021\/03\/martimex-logo.png","contentUrl":"https:\/\/martimex.sk\/wp-content\/uploads\/2021\/03\/martimex-logo.png","width":559,"height":100,"caption":"Martimex, a.s."},"image":{"@id":"https:\/\/martimex.sk\/#\/schema\/logo\/image\/"}}]}},"_links":{"self":[{"href":"https:\/\/martimex.sk\/de\/wp-json\/wp\/v2\/pages\/7693","targetHints":{"allow":["GET"]}}],"collection":[{"href":"https:\/\/martimex.sk\/de\/wp-json\/wp\/v2\/pages"}],"about":[{"href":"https:\/\/martimex.sk\/de\/wp-json\/wp\/v2\/types\/page"}],"author":[{"embeddable":true,"href":"https:\/\/martimex.sk\/de\/wp-json\/wp\/v2\/users\/1"}],"replies":[{"embeddable":true,"href":"https:\/\/martimex.sk\/de\/wp-json\/wp\/v2\/comments?post=7693"}],"version-history":[{"count":3,"href":"https:\/\/martimex.sk\/de\/wp-json\/wp\/v2\/pages\/7693\/revisions"}],"predecessor-version":[{"id":7914,"href":"https:\/\/martimex.sk\/de\/wp-json\/wp\/v2\/pages\/7693\/revisions\/7914"}],"wp:attachment":[{"href":"https:\/\/martimex.sk\/de\/wp-json\/wp\/v2\/media?parent=7693"}],"curies":[{"name":"wp","href":"https:\/\/api.w.org\/{rel}","templated":true}]}}