{"id":7665,"date":"2021-03-15T19:19:23","date_gmt":"2021-03-15T18:19:23","guid":{"rendered":"https:\/\/martimex.sk\/axialne-piestove-hydromotory-serie-20\/"},"modified":"2021-04-17T21:49:20","modified_gmt":"2021-04-17T19:49:20","slug":"axialne-piestove-hydromotory-serie-20","status":"publish","type":"page","link":"https:\/\/martimex.sk\/de\/axialne-piestove-hydromotory-serie-20\/","title":{"rendered":"Axiale Kolbenhydromotoren Serie 20"},"content":{"rendered":"<div class=\"nolwrap\">[vc_row type=&#8220;full_width_background&#8220; full_screen_row_position=&#8220;middle&#8220; column_margin=&#8220;default&#8220; equal_height=&#8220;yes&#8220; content_placement=&#8220;top&#8220; column_direction=&#8220;default&#8220; column_direction_tablet=&#8220;default&#8220; column_direction_phone=&#8220;default&#8220; scene_position=&#8220;center&#8220; top_padding=&#8220;8%&#8220; bottom_padding=&#8220;6%&#8220; top_padding_phone=&#8220;16%&#8220; bottom_padding_phone=&#8220;12%&#8220; text_color=&#8220;dark&#8220; text_align=&#8220;left&#8220; row_border_radius=&#8220;none&#8220; row_border_radius_applies=&#8220;bg&#8220; enable_gradient=&#8220;true&#8220; color_overlay=&#8220;rgba(255,255,255,0.73)&#8220; color_overlay_2=&#8220;#ffffff&#8220; overlay_strength=&#8220;1&#8243; gradient_direction=&#8220;top_to_bottom&#8220; shape_divider_position=&#8220;bottom&#8220; bg_image_animation=&#8220;none&#8220; parallax_bg=&#8220;true&#8220; parallax_bg_speed=&#8220;slow&#8220; shape_type=&#8220;&#8220;][vc_column column_padding=&#8220;no-extra-padding&#8220; column_padding_tablet=&#8220;inherit&#8220; column_padding_phone=&#8220;inherit&#8220; column_padding_position=&#8220;all&#8220; column_element_spacing=&#8220;default&#8220; background_color_opacity=&#8220;1&#8243; background_hover_color_opacity=&#8220;1&#8243; column_shadow=&#8220;none&#8220; column_border_radius=&#8220;none&#8220; column_link_target=&#8220;_self&#8220; gradient_direction=&#8220;left_to_right&#8220; overlay_strength=&#8220;0.3&#8243; width=&#8220;1\/1&#8243; tablet_width_inherit=&#8220;default&#8220; tablet_text_alignment=&#8220;default&#8220; phone_text_alignment=&#8220;default&#8220; bg_image_animation=&#8220;none&#8220; border_type=&#8220;simple&#8220; column_border_width=&#8220;none&#8220; column_border_style=&#8220;solid&#8220;][vc_custom_heading text=&#8220;Axiale Kolbenhydromotoren Serie 20&#8243; font_container=&#8220;tag:h1|text_align:left&#8220; use_theme_fonts=&#8220;yes&#8220; css_animation=&#8220;fadeIn&#8220;][\/vc_column][\/vc_row][vc_row type=&#8220;full_width_background&#8220; full_screen_row_position=&#8220;middle&#8220; column_margin=&#8220;default&#8220; equal_height=&#8220;yes&#8220; content_placement=&#8220;middle&#8220; column_direction=&#8220;default&#8220; column_direction_tablet=&#8220;default&#8220; column_direction_phone=&#8220;default&#8220; scene_position=&#8220;center&#8220; bottom_padding=&#8220;6%&#8220; bottom_padding_phone=&#8220;12%&#8220; text_color=&#8220;dark&#8220; text_align=&#8220;left&#8220; row_border_radius=&#8220;none&#8220; row_border_radius_applies=&#8220;bg&#8220; overlay_strength=&#8220;0.3&#8243; gradient_direction=&#8220;left_to_right&#8220; shape_divider_position=&#8220;bottom&#8220; bg_image_animation=&#8220;none&#8220; shape_type=&#8220;&#8220;][vc_column column_padding=&#8220;no-extra-padding&#8220; column_padding_tablet=&#8220;inherit&#8220; column_padding_phone=&#8220;inherit&#8220; column_padding_position=&#8220;all&#8220; column_element_spacing=&#8220;default&#8220; background_color_opacity=&#8220;1&#8243; background_hover_color_opacity=&#8220;1&#8243; column_shadow=&#8220;none&#8220; column_border_radius=&#8220;none&#8220; column_link_target=&#8220;_self&#8220; gradient_direction=&#8220;left_to_right&#8220; overlay_strength=&#8220;0.3&#8243; width=&#8220;1\/4&#8243; tablet_width_inherit=&#8220;default&#8220; tablet_text_alignment=&#8220;default&#8220; phone_text_alignment=&#8220;default&#8220; bg_image_animation=&#8220;none&#8220; enable_animation=&#8220;true&#8220; animation=&#8220;fade-in&#8220; border_type=&#8220;simple&#8220; column_border_width=&#8220;none&#8220; column_border_style=&#8220;solid&#8220;][image_with_animation image_url=&#8220;7132&#8243; animation=&#8220;Fade In&#8220; hover_animation=&#8220;none&#8220; alignment=&#8220;&#8220; border_radius=&#8220;none&#8220; box_shadow=&#8220;none&#8220; image_loading=&#8220;default&#8220; max_width=&#8220;100%&#8220; max_width_mobile=&#8220;default&#8220;][\/vc_column][vc_column column_padding=&#8220;no-extra-padding&#8220; column_padding_tablet=&#8220;inherit&#8220; column_padding_phone=&#8220;inherit&#8220; column_padding_position=&#8220;all&#8220; column_element_spacing=&#8220;default&#8220; background_color_opacity=&#8220;1&#8243; background_hover_color_opacity=&#8220;1&#8243; column_shadow=&#8220;none&#8220; column_border_radius=&#8220;none&#8220; column_link_target=&#8220;_self&#8220; gradient_direction=&#8220;left_to_right&#8220; overlay_strength=&#8220;0.3&#8243; width=&#8220;3\/4&#8243; tablet_width_inherit=&#8220;default&#8220; tablet_text_alignment=&#8220;default&#8220; phone_text_alignment=&#8220;default&#8220; bg_image_animation=&#8220;none&#8220; border_type=&#8220;simple&#8220; column_border_width=&#8220;none&#8220; column_border_style=&#8220;solid&#8220;]<div class=\"nectar-fancy-ul\" data-list-icon=\"fa fa-chevron-right\" data-animation=\"false\" data-animation-delay=\"0\" data-color=\"accent-color\" data-spacing=\"15px\" data-alignment=\"left\"> \n<ul>\n<li>Kon\u0161truovan\u00e9 na princ\u00edpe nakl\u00e1\u0148acej dosky s pevne nastaven\u00fdm objemom<\/li>\n<li>Geeignet f\u00fcr hydrostatische Transmissionen mit geschlossenem Kreislauf<\/li>\n<li>Die Ausgangsmotordrehzahlen sind proportional zum Eingangsdurchsatz<\/li>\n<li>Das Ausgangsdrehmoment ist proportional zur Druckdifferenz im Kreislauf<\/li>\n<li>Die Motordrehrichtung ist abh\u00e4ngig von der Eingangs\u00f6ldurchsatzrichtung<\/li>\n<\/ul>\n <\/div>[\/vc_column][\/vc_row][vc_row type=&#8220;full_width_background&#8220; full_screen_row_position=&#8220;middle&#8220; column_margin=&#8220;default&#8220; equal_height=&#8220;yes&#8220; content_placement=&#8220;middle&#8220; column_direction=&#8220;default&#8220; column_direction_tablet=&#8220;default&#8220; column_direction_phone=&#8220;default&#8220; bg_color=&#8220;#2c579c&#8220; scene_position=&#8220;center&#8220; top_padding=&#8220;6%&#8220; bottom_padding=&#8220;6%&#8220; top_padding_phone=&#8220;12%&#8220; bottom_padding_phone=&#8220;12%&#8220; text_color=&#8220;light&#8220; text_align=&#8220;center&#8220; row_border_radius=&#8220;none&#8220; row_border_radius_applies=&#8220;bg&#8220; overlay_strength=&#8220;0.3&#8243; gradient_direction=&#8220;left_to_right&#8220; shape_divider_position=&#8220;bottom&#8220; bg_image_animation=&#8220;none&#8220; shape_type=&#8220;&#8220;][vc_column column_padding=&#8220;no-extra-padding&#8220; column_padding_tablet=&#8220;inherit&#8220; column_padding_phone=&#8220;inherit&#8220; column_padding_position=&#8220;all&#8220; column_element_spacing=&#8220;default&#8220; background_color_opacity=&#8220;1&#8243; background_hover_color_opacity=&#8220;1&#8243; column_shadow=&#8220;none&#8220; column_border_radius=&#8220;none&#8220; column_link_target=&#8220;_self&#8220; gradient_direction=&#8220;left_to_right&#8220; overlay_strength=&#8220;0.3&#8243; width=&#8220;1\/1&#8243; tablet_width_inherit=&#8220;default&#8220; tablet_text_alignment=&#8220;default&#8220; phone_text_alignment=&#8220;default&#8220; bg_image_animation=&#8220;none&#8220; enable_animation=&#8220;true&#8220; animation=&#8220;fade-in&#8220; border_type=&#8220;simple&#8220; column_border_width=&#8220;none&#8220; column_border_style=&#8220;solid&#8220;][nectar_btn size=&#8220;jumbo&#8220; open_new_tab=&#8220;true&#8220; button_style=&#8220;regular&#8220; button_color_2=&#8220;Extra-Color-2&#8243; solid_text_color_override=&#8220;#2c579c&#8220; icon_family=&#8220;none&#8220; text=&#8220;Ersatzteilkatalog Download (PDF)&#8220; url=&#8220;\/wp-content\/uploads\/2021\/03\/hydromotory-ND.pdf&#8220; css_animation=&#8220;fadeIn&#8220;][\/vc_column][\/vc_row][vc_row type=&#8220;full_width_background&#8220; full_screen_row_position=&#8220;middle&#8220; column_margin=&#8220;default&#8220; equal_height=&#8220;yes&#8220; content_placement=&#8220;top&#8220; column_direction=&#8220;default&#8220; column_direction_tablet=&#8220;default&#8220; column_direction_phone=&#8220;default&#8220; scene_position=&#8220;center&#8220; top_padding=&#8220;6%&#8220; bottom_padding=&#8220;6%&#8220; top_padding_phone=&#8220;12%&#8220; bottom_padding_phone=&#8220;12%&#8220; text_color=&#8220;dark&#8220; text_align=&#8220;left&#8220; row_border_radius=&#8220;none&#8220; row_border_radius_applies=&#8220;bg&#8220; overlay_strength=&#8220;0.3&#8243; gradient_direction=&#8220;left_to_right&#8220; shape_divider_position=&#8220;bottom&#8220; bg_image_animation=&#8220;none&#8220; shape_type=&#8220;&#8220;][vc_column column_padding=&#8220;no-extra-padding&#8220; column_padding_tablet=&#8220;inherit&#8220; column_padding_phone=&#8220;inherit&#8220; column_padding_position=&#8220;all&#8220; column_element_spacing=&#8220;default&#8220; background_color_opacity=&#8220;1&#8243; background_hover_color_opacity=&#8220;1&#8243; column_shadow=&#8220;none&#8220; column_border_radius=&#8220;none&#8220; column_link_target=&#8220;_self&#8220; gradient_direction=&#8220;left_to_right&#8220; overlay_strength=&#8220;0.3&#8243; width=&#8220;1\/1&#8243; tablet_width_inherit=&#8220;default&#8220; tablet_text_alignment=&#8220;default&#8220; phone_text_alignment=&#8220;default&#8220; bg_image_animation=&#8220;none&#8220; enable_animation=&#8220;true&#8220; animation=&#8220;fade-in&#8220; border_type=&#8220;simple&#8220; column_border_width=&#8220;none&#8220; column_border_style=&#8220;solid&#8220;][vc_column_text]\n<table style=\"border-collapse: collapse; width: 100%; height: 192px;\">\n<tbody>\n<tr style=\"height: 24px;\">\n<td style=\"width: 103.195%; text-align: center; height: 24px;\" colspan=\"9\"><strong>Axiale Kolbenhydromotoren &#8211; GR\/SPV 20-27<\/strong><\/td>\n<\/tr>\n<tr style=\"height: 24px;\">\n<td style=\"width: 23%; height: 24px;\">Gr\u00f6\u00dfe [MK\/SMF]<\/td>\n<td style=\"width: 9,625%; height: 24px;\">033\/20<\/td>\n<td style=\"width: 9,625%; height: 24px;\">052\/21<\/td>\n<td style=\"width: 9,625%; height: 24px;\">070\/22<\/td>\n<td style=\"width: 9,625%; height: 24px;\">089\/23<\/td>\n<td style=\"width: 9,625%; height: 24px;\">119\/24<\/td>\n<td style=\"width: 9,625%; height: 24px;\">166\/25<\/td>\n<td style=\"width: 9,625%; height: 24px;\">227\/26<\/td>\n<td style=\"width: 9,625%; height: 24px;\">334\/27<\/td>\n<\/tr>\n<tr style=\"height: 24px;\">\n<td style=\"width: 23%; height: 24px;\">Kapazit\u00e4t [cm3]<\/td>\n<td style=\"width: 9,625%; height: 24px;\">33,3<\/td>\n<td style=\"width: 9,625%; height: 24px;\">51,6<\/td>\n<td style=\"width: 9,625%; height: 24px;\">69,8<\/td>\n<td style=\"width: 9,625%; height: 24px;\">89<\/td>\n<td style=\"width: 9,625%; height: 24px;\">118,7<\/td>\n<td style=\"width: 9,625%; height: 24px;\">165,8<\/td>\n<td style=\"width: 9,625%; height: 24px;\">227,3<\/td>\n<td style=\"width: 9,625%; height: 24px;\">333,7<\/td>\n<\/tr>\n<tr style=\"height: 24px;\">\n<td style=\"width: 23%; height: 24px;\">Maximaldruck [MPa]<\/td>\n<td style=\"width: 9,625%; height: 24px;\">35<\/td>\n<td style=\"width: 9,625%; height: 24px;\">35<\/td>\n<td style=\"width: 9,625%; height: 24px;\">35<\/td>\n<td style=\"width: 9,625%; height: 24px;\">35<\/td>\n<td style=\"width: 9,625%; height: 24px;\">35<\/td>\n<td style=\"width: 9,625%; height: 24px;\">35<\/td>\n<td style=\"width: 9,625%; height: 24px;\">35<\/td>\n<td style=\"width: 9,625%; height: 24px;\">35<\/td>\n<\/tr>\n<tr style=\"height: 48px;\">\n<td style=\"width: 23%; height: 48px;\">H\u00f6chstdrehzahl [U\/min]<\/td>\n<td style=\"width: 9,625%; height: 48px;\">3 590<\/td>\n<td style=\"width: 9,625%; height: 48px;\">3 100<\/td>\n<td style=\"width: 9,625%; height: 48px;\">2810<\/td>\n<td style=\"width: 9,625%; height: 48px;\">2590<\/td>\n<td style=\"width: 9,625%; height: 48px;\">2350<\/td>\n<td style=\"width: 9,625%; height: 48px;\">2100<\/td>\n<td style=\"width: 9,625%; height: 48px;\">1890<\/td>\n<td style=\"width: 9,625%; height: 48px;\">1670<\/td>\n<\/tr>\n<tr style=\"height: 24px;\">\n<td style=\"width: 23%; height: 24px;\">Moment bei 35 MPa [Nm]<\/td>\n<td style=\"width: 9,625%; height: 24px;\">176<\/td>\n<td style=\"width: 9,625%; height: 24px;\">273<\/td>\n<td style=\"width: 9,625%; height: 24px;\">369<\/td>\n<td style=\"width: 9,625%; height: 24px;\">471<\/td>\n<td style=\"width: 9,625%; height: 24px;\">628<\/td>\n<td style=\"width: 9,625%; height: 24px;\">878<\/td>\n<td style=\"width: 9,625%; height: 24px;\">1203<\/td>\n<td style=\"width: 9,625%; height: 24px;\">1767<\/td>\n<\/tr>\n<tr style=\"height: 24px;\">\n<td style=\"width: 23%; height: 24px;\">Gewicht [kg]<\/td>\n<td style=\"width: 9,625%; height: 24px;\">30<\/td>\n<td style=\"width: 9,625%; height: 24px;\">35<\/td>\n<td style=\"width: 9,625%; height: 24px;\">40<\/td>\n<td style=\"width: 9,625%; height: 24px;\">47<\/td>\n<td style=\"width: 9,625%; height: 24px;\">70<\/td>\n<td style=\"width: 9,625%; height: 24px;\">124<\/td>\n<td style=\"width: 9,625%; height: 24px;\">152<\/td>\n<td style=\"width: 9,625%; height: 24px;\">197<\/td>\n<\/tr>\n<\/tbody>\n<\/table>\n[\/vc_column_text][\/vc_column][\/vc_row]\n<\/div>","protected":false},"excerpt":{"rendered":"<p>[vc_row type=&#8220;full_width_background&#8220; full_screen_row_position=&#8220;middle&#8220; column_margin=&#8220;default&#8220; equal_height=&#8220;yes&#8220; content_placement=&#8220;top&#8220; column_direction=&#8220;default&#8220; column_direction_tablet=&#8220;default&#8220; column_direction_phone=&#8220;default&#8220; scene_position=&#8220;center&#8220; top_padding=&#8220;8%&#8220; bottom_padding=&#8220;6%&#8220; top_padding_phone=&#8220;16%&#8220; bottom_padding_phone=&#8220;12%&#8220; text_color=&#8220;dark&#8220; text_align=&#8220;left&#8220; row_border_radius=&#8220;none&#8220; row_border_radius_applies=&#8220;bg&#8220; enable_gradient=&#8220;true&#8220; color_overlay=&#8220;rgba(255,255,255,0.73)&#8220; color_overlay_2=&#8220;#ffffff&#8220; overlay_strength=&#8220;1&#8243; gradient_direction=&#8220;top_to_bottom&#8220; shape_divider_position=&#8220;bottom&#8220; bg_image_animation=&#8220;none&#8220; parallax_bg=&#8220;true&#8220; parallax_bg_speed=&#8220;slow&#8220; shape_type=&#8220;&#8220;][vc_column column_padding=&#8220;no-extra-padding&#8220; column_padding_tablet=&#8220;inherit&#8220;&#8230;<\/p>\n","protected":false},"author":1,"featured_media":0,"parent":0,"menu_order":0,"comment_status":"closed","ping_status":"closed","template":"","meta":{"footnotes":""},"class_list":["post-7665","page","type-page","status-publish"],"acf":[],"yoast_head":"<!-- This site is optimized with the Yoast SEO Premium plugin v26.2 (Yoast SEO v26.2) - https:\/\/yoast.com\/wordpress\/plugins\/seo\/ -->\n<title>Axiale Kolbenhydromotoren Serie 20 - Martimex<\/title>\n<meta name=\"robots\" content=\"index, follow, max-snippet:-1, max-image-preview:large, max-video-preview:-1\" \/>\n<link rel=\"canonical\" href=\"https:\/\/martimex.sk\/axialne-piestove-hydromotory-serie-20\/\" \/>\n<meta property=\"og:locale\" content=\"de_DE\" \/>\n<meta property=\"og:type\" content=\"article\" \/>\n<meta property=\"og:title\" content=\"Axiale Kolbenhydromotoren Serie 20\" \/>\n<meta property=\"og:description\" content=\"[vc_row type=&#8220;full_width_background&#8220; full_screen_row_position=&#8220;middle&#8220; column_margin=&#8220;default&#8220; equal_height=&#8220;yes&#8220; content_placement=&#8220;top&#8220; column_direction=&#8220;default&#8220; column_direction_tablet=&#8220;default&#8220; column_direction_phone=&#8220;default&#8220; scene_position=&#8220;center&#8220; top_padding=&#8220;8%&#8220; bottom_padding=&#8220;6%&#8220; top_padding_phone=&#8220;16%&#8220; bottom_padding_phone=&#8220;12%&#8220; text_color=&#8220;dark&#8220; text_align=&#8220;left&#8220; row_border_radius=&#8220;none&#8220; row_border_radius_applies=&#8220;bg&#8220; enable_gradient=&#8220;true&#8220; color_overlay=&#8220;rgba(255,255,255,0.73)&#8220; color_overlay_2=&#8220;#ffffff&#8220; overlay_strength=&#8220;1&#8243; gradient_direction=&#8220;top_to_bottom&#8220; shape_divider_position=&#8220;bottom&#8220; bg_image_animation=&#8220;none&#8220; parallax_bg=&#8220;true&#8220; parallax_bg_speed=&#8220;slow&#8220; shape_type=&#8220;&#8220;][vc_column column_padding=&#8220;no-extra-padding&#8220; column_padding_tablet=&#8220;inherit&#8220;...\" \/>\n<meta property=\"og:url\" content=\"https:\/\/martimex.sk\/axialne-piestove-hydromotory-serie-20\/\" \/>\n<meta property=\"og:site_name\" content=\"Martimex\" \/>\n<meta property=\"article:modified_time\" content=\"2021-04-17T19:49:20+00:00\" \/>\n<meta property=\"og:image\" content=\"https:\/\/martimex.sk\/wp-content\/uploads\/2021\/03\/martimex-fb.jpg\" \/>\n\t<meta property=\"og:image:width\" content=\"1200\" \/>\n\t<meta property=\"og:image:height\" content=\"630\" \/>\n\t<meta property=\"og:image:type\" content=\"image\/jpeg\" \/>\n<meta name=\"twitter:card\" content=\"summary_large_image\" \/>\n<meta name=\"twitter:label1\" content=\"Gesch\u00e4tzte Lesezeit\" \/>\n\t<meta name=\"twitter:data1\" content=\"2 Minuten\" \/>\n<script type=\"application\/ld+json\" class=\"yoast-schema-graph\">{\"@context\":\"https:\/\/schema.org\",\"@graph\":[{\"@type\":\"WebPage\",\"@id\":\"https:\/\/martimex.sk\/axialne-piestove-hydromotory-serie-20\/\",\"url\":\"https:\/\/martimex.sk\/axialne-piestove-hydromotory-serie-20\/\",\"name\":\"Axiale Kolbenhydromotoren Serie 20 - Martimex\",\"isPartOf\":{\"@id\":\"https:\/\/martimex.sk\/#website\"},\"datePublished\":\"2021-03-15T18:19:23+00:00\",\"dateModified\":\"2021-04-17T19:49:20+00:00\",\"breadcrumb\":{\"@id\":\"https:\/\/martimex.sk\/axialne-piestove-hydromotory-serie-20\/#breadcrumb\"},\"inLanguage\":\"de-DE\",\"potentialAction\":[{\"@type\":\"ReadAction\",\"target\":[\"https:\/\/martimex.sk\/axialne-piestove-hydromotory-serie-20\/\"]}]},{\"@type\":\"BreadcrumbList\",\"@id\":\"https:\/\/martimex.sk\/axialne-piestove-hydromotory-serie-20\/#breadcrumb\",\"itemListElement\":[{\"@type\":\"ListItem\",\"position\":1,\"name\":\"Home\",\"item\":\"https:\/\/martimex.sk\/\"},{\"@type\":\"ListItem\",\"position\":2,\"name\":\"Axiale Kolbenhydromotoren Serie 20\"}]},{\"@type\":\"WebSite\",\"@id\":\"https:\/\/martimex.sk\/#website\",\"url\":\"https:\/\/martimex.sk\/\",\"name\":\"Martimex\",\"description\":\"Len \u010fal\u0161ia WordPress str\u00e1nka\",\"publisher\":{\"@id\":\"https:\/\/martimex.sk\/#organization\"},\"potentialAction\":[{\"@type\":\"SearchAction\",\"target\":{\"@type\":\"EntryPoint\",\"urlTemplate\":\"https:\/\/martimex.sk\/?s={search_term_string}\"},\"query-input\":{\"@type\":\"PropertyValueSpecification\",\"valueRequired\":true,\"valueName\":\"search_term_string\"}}],\"inLanguage\":\"de-DE\"},{\"@type\":\"Organization\",\"@id\":\"https:\/\/martimex.sk\/#organization\",\"name\":\"Martimex, a.s.\",\"url\":\"https:\/\/martimex.sk\/\",\"logo\":{\"@type\":\"ImageObject\",\"inLanguage\":\"de-DE\",\"@id\":\"https:\/\/martimex.sk\/#\/schema\/logo\/image\/\",\"url\":\"https:\/\/martimex.sk\/wp-content\/uploads\/2021\/03\/martimex-logo.png\",\"contentUrl\":\"https:\/\/martimex.sk\/wp-content\/uploads\/2021\/03\/martimex-logo.png\",\"width\":559,\"height\":100,\"caption\":\"Martimex, a.s.\"},\"image\":{\"@id\":\"https:\/\/martimex.sk\/#\/schema\/logo\/image\/\"}}]}<\/script>\n<!-- \/ Yoast SEO Premium plugin. -->","yoast_head_json":{"title":"Axiale Kolbenhydromotoren Serie 20 - Martimex","robots":{"index":"index","follow":"follow","max-snippet":"max-snippet:-1","max-image-preview":"max-image-preview:large","max-video-preview":"max-video-preview:-1"},"canonical":"https:\/\/martimex.sk\/axialne-piestove-hydromotory-serie-20\/","og_locale":"de_DE","og_type":"article","og_title":"Axiale Kolbenhydromotoren Serie 20","og_description":"[vc_row type=&#8220;full_width_background&#8220; full_screen_row_position=&#8220;middle&#8220; column_margin=&#8220;default&#8220; equal_height=&#8220;yes&#8220; content_placement=&#8220;top&#8220; column_direction=&#8220;default&#8220; column_direction_tablet=&#8220;default&#8220; column_direction_phone=&#8220;default&#8220; scene_position=&#8220;center&#8220; top_padding=&#8220;8%&#8220; bottom_padding=&#8220;6%&#8220; top_padding_phone=&#8220;16%&#8220; bottom_padding_phone=&#8220;12%&#8220; text_color=&#8220;dark&#8220; text_align=&#8220;left&#8220; row_border_radius=&#8220;none&#8220; row_border_radius_applies=&#8220;bg&#8220; enable_gradient=&#8220;true&#8220; color_overlay=&#8220;rgba(255,255,255,0.73)&#8220; color_overlay_2=&#8220;#ffffff&#8220; overlay_strength=&#8220;1&#8243; gradient_direction=&#8220;top_to_bottom&#8220; shape_divider_position=&#8220;bottom&#8220; bg_image_animation=&#8220;none&#8220; parallax_bg=&#8220;true&#8220; parallax_bg_speed=&#8220;slow&#8220; shape_type=&#8220;&#8220;][vc_column column_padding=&#8220;no-extra-padding&#8220; column_padding_tablet=&#8220;inherit&#8220;...","og_url":"https:\/\/martimex.sk\/axialne-piestove-hydromotory-serie-20\/","og_site_name":"Martimex","article_modified_time":"2021-04-17T19:49:20+00:00","og_image":[{"width":1200,"height":630,"url":"https:\/\/martimex.sk\/wp-content\/uploads\/2021\/03\/martimex-fb.jpg","type":"image\/jpeg"}],"twitter_card":"summary_large_image","twitter_misc":{"Gesch\u00e4tzte Lesezeit":"2 Minuten"},"schema":{"@context":"https:\/\/schema.org","@graph":[{"@type":"WebPage","@id":"https:\/\/martimex.sk\/axialne-piestove-hydromotory-serie-20\/","url":"https:\/\/martimex.sk\/axialne-piestove-hydromotory-serie-20\/","name":"Axiale Kolbenhydromotoren Serie 20 - Martimex","isPartOf":{"@id":"https:\/\/martimex.sk\/#website"},"datePublished":"2021-03-15T18:19:23+00:00","dateModified":"2021-04-17T19:49:20+00:00","breadcrumb":{"@id":"https:\/\/martimex.sk\/axialne-piestove-hydromotory-serie-20\/#breadcrumb"},"inLanguage":"de-DE","potentialAction":[{"@type":"ReadAction","target":["https:\/\/martimex.sk\/axialne-piestove-hydromotory-serie-20\/"]}]},{"@type":"BreadcrumbList","@id":"https:\/\/martimex.sk\/axialne-piestove-hydromotory-serie-20\/#breadcrumb","itemListElement":[{"@type":"ListItem","position":1,"name":"Home","item":"https:\/\/martimex.sk\/"},{"@type":"ListItem","position":2,"name":"Axiale Kolbenhydromotoren Serie 20"}]},{"@type":"WebSite","@id":"https:\/\/martimex.sk\/#website","url":"https:\/\/martimex.sk\/","name":"Martimex","description":"Len \u010fal\u0161ia WordPress str\u00e1nka","publisher":{"@id":"https:\/\/martimex.sk\/#organization"},"potentialAction":[{"@type":"SearchAction","target":{"@type":"EntryPoint","urlTemplate":"https:\/\/martimex.sk\/?s={search_term_string}"},"query-input":{"@type":"PropertyValueSpecification","valueRequired":true,"valueName":"search_term_string"}}],"inLanguage":"de-DE"},{"@type":"Organization","@id":"https:\/\/martimex.sk\/#organization","name":"Martimex, a.s.","url":"https:\/\/martimex.sk\/","logo":{"@type":"ImageObject","inLanguage":"de-DE","@id":"https:\/\/martimex.sk\/#\/schema\/logo\/image\/","url":"https:\/\/martimex.sk\/wp-content\/uploads\/2021\/03\/martimex-logo.png","contentUrl":"https:\/\/martimex.sk\/wp-content\/uploads\/2021\/03\/martimex-logo.png","width":559,"height":100,"caption":"Martimex, a.s."},"image":{"@id":"https:\/\/martimex.sk\/#\/schema\/logo\/image\/"}}]}},"_links":{"self":[{"href":"https:\/\/martimex.sk\/de\/wp-json\/wp\/v2\/pages\/7665","targetHints":{"allow":["GET"]}}],"collection":[{"href":"https:\/\/martimex.sk\/de\/wp-json\/wp\/v2\/pages"}],"about":[{"href":"https:\/\/martimex.sk\/de\/wp-json\/wp\/v2\/types\/page"}],"author":[{"embeddable":true,"href":"https:\/\/martimex.sk\/de\/wp-json\/wp\/v2\/users\/1"}],"replies":[{"embeddable":true,"href":"https:\/\/martimex.sk\/de\/wp-json\/wp\/v2\/comments?post=7665"}],"version-history":[{"count":4,"href":"https:\/\/martimex.sk\/de\/wp-json\/wp\/v2\/pages\/7665\/revisions"}],"predecessor-version":[{"id":7669,"href":"https:\/\/martimex.sk\/de\/wp-json\/wp\/v2\/pages\/7665\/revisions\/7669"}],"wp:attachment":[{"href":"https:\/\/martimex.sk\/de\/wp-json\/wp\/v2\/media?parent=7665"}],"curies":[{"name":"wp","href":"https:\/\/api.w.org\/{rel}","templated":true}]}}