{"id":7657,"date":"2021-03-14T20:30:37","date_gmt":"2021-03-14T19:30:37","guid":{"rendered":"https:\/\/martimex.sk\/areal-vrutky\/"},"modified":"2021-04-17T21:34:51","modified_gmt":"2021-04-17T19:34:51","slug":"areal-vrutky","status":"publish","type":"page","link":"https:\/\/martimex.sk\/de\/areal-vrutky\/","title":{"rendered":"Areal Vr\u00fatky"},"content":{"rendered":"<div class=\"nolwrap\">[vc_row type=&#8220;full_width_background&#8220; full_screen_row_position=&#8220;middle&#8220; column_margin=&#8220;default&#8220; equal_height=&#8220;yes&#8220; content_placement=&#8220;top&#8220; column_direction=&#8220;default&#8220; column_direction_tablet=&#8220;default&#8220; column_direction_phone=&#8220;default&#8220; bg_image=&#8220;7602&#8243; bg_position=&#8220;center top&#8220; background_image_loading=&#8220;default&#8220; bg_repeat=&#8220;no-repeat&#8220; scene_position=&#8220;center&#8220; top_padding=&#8220;6%&#8220; bottom_padding=&#8220;6%&#8220; top_padding_phone=&#8220;12%&#8220; bottom_padding_phone=&#8220;12%&#8220; text_color=&#8220;dark&#8220; text_align=&#8220;left&#8220; row_border_radius=&#8220;none&#8220; row_border_radius_applies=&#8220;bg&#8220; enable_gradient=&#8220;true&#8220; color_overlay=&#8220;rgba(255,255,255,0.73)&#8220; color_overlay_2=&#8220;#ffffff&#8220; overlay_strength=&#8220;1&#8243; gradient_direction=&#8220;top_to_bottom&#8220; shape_divider_position=&#8220;bottom&#8220; bg_image_animation=&#8220;none&#8220; parallax_bg=&#8220;true&#8220; parallax_bg_speed=&#8220;slow&#8220; shape_type=&#8220;&#8220;][vc_column column_padding=&#8220;no-extra-padding&#8220; column_padding_tablet=&#8220;inherit&#8220; column_padding_phone=&#8220;inherit&#8220; column_padding_position=&#8220;all&#8220; column_element_spacing=&#8220;default&#8220; background_color_opacity=&#8220;1&#8243; background_hover_color_opacity=&#8220;1&#8243; column_shadow=&#8220;none&#8220; column_border_radius=&#8220;none&#8220; column_link_target=&#8220;_self&#8220; gradient_direction=&#8220;left_to_right&#8220; overlay_strength=&#8220;0.3&#8243; width=&#8220;1\/1&#8243; tablet_width_inherit=&#8220;default&#8220; tablet_text_alignment=&#8220;default&#8220; phone_text_alignment=&#8220;default&#8220; bg_image_animation=&#8220;none&#8220; border_type=&#8220;simple&#8220; column_border_width=&#8220;none&#8220; column_border_style=&#8220;solid&#8220;][vc_custom_heading text=&#8220;Gewerbefl\u00e4chen zur Miete in Vr\u00fatky &#8220; use_theme_fonts=&#8220;yes&#8220; css_animation=&#8220;fadeIn&#8220;][divider line_type=&#8220;No Line&#8220; custom_height=&#8220;30&#8243;][vc_custom_heading text=&#8220;Areal mit der Fl\u00e4che von 12 939 m2, Zwei Lagerhallen&#8220; font_container=&#8220;tag:h3|text_align:left&#8220; use_theme_fonts=&#8220;yes&#8220; css_animation=&#8220;fadeIn&#8220;][\/vc_column][\/vc_row][vc_row type=&#8220;full_width_background&#8220; full_screen_row_position=&#8220;middle&#8220; column_margin=&#8220;default&#8220; equal_height=&#8220;yes&#8220; content_placement=&#8220;top&#8220; column_direction=&#8220;default&#8220; column_direction_tablet=&#8220;default&#8220; column_direction_phone=&#8220;default&#8220; scene_position=&#8220;center&#8220; bottom_padding=&#8220;6%&#8220; bottom_padding_phone=&#8220;12%&#8220; text_color=&#8220;dark&#8220; text_align=&#8220;left&#8220; row_border_radius=&#8220;none&#8220; row_border_radius_applies=&#8220;bg&#8220; overlay_strength=&#8220;0.3&#8243; gradient_direction=&#8220;left_to_right&#8220; shape_divider_position=&#8220;bottom&#8220; bg_image_animation=&#8220;none&#8220; shape_type=&#8220;&#8220;][vc_column column_padding=&#8220;no-extra-padding&#8220; column_padding_tablet=&#8220;inherit&#8220; column_padding_phone=&#8220;inherit&#8220; column_padding_position=&#8220;all&#8220; column_element_spacing=&#8220;default&#8220; background_color_opacity=&#8220;1&#8243; background_hover_color_opacity=&#8220;1&#8243; column_shadow=&#8220;none&#8220; column_border_radius=&#8220;none&#8220; column_link_target=&#8220;_self&#8220; gradient_direction=&#8220;left_to_right&#8220; overlay_strength=&#8220;0.3&#8243; width=&#8220;1\/2&#8243; tablet_width_inherit=&#8220;default&#8220; tablet_text_alignment=&#8220;default&#8220; phone_text_alignment=&#8220;default&#8220; bg_image_animation=&#8220;none&#8220; enable_animation=&#8220;true&#8220; animation=&#8220;fade-in&#8220; border_type=&#8220;simple&#8220; column_border_width=&#8220;none&#8220; column_border_style=&#8220;solid&#8220;]<div class=\"nectar-fancy-ul\" data-list-icon=\"fa fa-chevron-right\" data-animation=\"false\" data-animation-delay=\"0\" data-color=\"accent-color\" data-spacing=\"15px\" data-alignment=\"left\"> \n<h3>Halle 1 \u2013 Fl\u00e4che von 2 719 m<sup>2<\/sup><\/h3>\n<ul>\n<li>2 Br\u00fcckenkr\u00e4ne, jeder mit der Tragkraft von 5 Tonnen<\/li>\n<li>Die Halle ist mit Durchfahrt mit 2 Toren auf jedem Geb\u00e4udeende, jedes Tor hat Abmessung 365 x 410 cm<\/li>\n<li>12 St. Gasstrahler<\/li>\n<li>Zu der Halle geh\u00f6rt ein Administrationsanbau von 162 m<sup>2<\/sup> mit drei B\u00fcros mit der Gesamtfl\u00e4che von 75 m<sup>2 <\/sup>mit dem Sozialhintergrund von 87 m<sup>2<\/sup> (Garderobe, K\u00fcche, WC, Duschen)<\/li>\n<li>Vor der Halle ist eine befestigte Fl\u00e4che in H-Form (cca. 720 m<sup>2<\/sup>) f\u00fcr einfachere Einfahrt und Ausfahrt der LKWs<\/li>\n<li>Die Liegenschaft hat einen Gas-, Elektrik- und Wasseranschluss<\/li>\n<\/ul>\n <\/div>[\/vc_column][vc_column column_padding=&#8220;no-extra-padding&#8220; column_padding_tablet=&#8220;inherit&#8220; column_padding_phone=&#8220;inherit&#8220; column_padding_position=&#8220;all&#8220; column_element_spacing=&#8220;default&#8220; background_color_opacity=&#8220;1&#8243; background_hover_color_opacity=&#8220;1&#8243; column_shadow=&#8220;none&#8220; column_border_radius=&#8220;none&#8220; column_link_target=&#8220;_self&#8220; gradient_direction=&#8220;left_to_right&#8220; overlay_strength=&#8220;0.3&#8243; width=&#8220;1\/2&#8243; tablet_width_inherit=&#8220;default&#8220; tablet_text_alignment=&#8220;default&#8220; phone_text_alignment=&#8220;default&#8220; bg_image_animation=&#8220;none&#8220; enable_animation=&#8220;true&#8220; animation=&#8220;fade-in&#8220; border_type=&#8220;simple&#8220; column_border_width=&#8220;none&#8220; column_border_style=&#8220;solid&#8220; delay=&#8220;150&#8243;]<div class=\"nectar-fancy-ul\" data-list-icon=\"fa fa-chevron-right\" data-animation=\"false\" data-animation-delay=\"0\" data-color=\"accent-color\" data-spacing=\"15px\" data-alignment=\"left\"> \n<h3>Halle 2 \u2013 Fl\u00e4che von 287 m<sup>2<\/sup><\/h3>\n<ul>\n<li>Montierte Stahlhalle, W\u00e4nde PUR 100<\/li>\n<li>Deckenh\u00f6he 530 cm<\/li>\n<li>2 Eingangstore, jedes mit der Ausmessung von 400 x 360 cm<\/li>\n<li>Schwenkkran mit der Tragkraft von 1 000 kg<\/li>\n<li>Heizung mit Flachheizk\u00f6rpern<\/li>\n<li>Die Liegenschaft hat einen elektrischen Anschluss von 230V\/400V<\/li>\n<\/ul>\n <\/div>[\/vc_column][\/vc_row][vc_row type=&#8220;full_width_background&#8220; full_screen_row_position=&#8220;middle&#8220; column_margin=&#8220;default&#8220; equal_height=&#8220;yes&#8220; content_placement=&#8220;top&#8220; column_direction=&#8220;default&#8220; column_direction_tablet=&#8220;default&#8220; column_direction_phone=&#8220;default&#8220; scene_position=&#8220;center&#8220; bottom_padding=&#8220;6%&#8220; bottom_padding_phone=&#8220;12%&#8220; text_color=&#8220;dark&#8220; text_align=&#8220;left&#8220; row_border_radius=&#8220;none&#8220; row_border_radius_applies=&#8220;bg&#8220; overlay_strength=&#8220;0.3&#8243; gradient_direction=&#8220;left_to_right&#8220; shape_divider_position=&#8220;bottom&#8220; bg_image_animation=&#8220;none&#8220; shape_type=&#8220;&#8220;][vc_column column_padding=&#8220;no-extra-padding&#8220; column_padding_tablet=&#8220;inherit&#8220; column_padding_phone=&#8220;inherit&#8220; column_padding_position=&#8220;all&#8220; column_element_spacing=&#8220;default&#8220; background_color_opacity=&#8220;1&#8243; background_hover_color_opacity=&#8220;1&#8243; column_shadow=&#8220;none&#8220; column_border_radius=&#8220;none&#8220; column_link_target=&#8220;_self&#8220; gradient_direction=&#8220;left_to_right&#8220; overlay_strength=&#8220;0.3&#8243; width=&#8220;1\/1&#8243; tablet_width_inherit=&#8220;default&#8220; tablet_text_alignment=&#8220;default&#8220; phone_text_alignment=&#8220;default&#8220; bg_image_animation=&#8220;none&#8220; enable_animation=&#8220;true&#8220; animation=&#8220;fade-in&#8220; border_type=&#8220;simple&#8220; column_border_width=&#8220;none&#8220; column_border_style=&#8220;solid&#8220;][vc_gallery type=&#8220;image_grid&#8220; images=&#8220;7605,7608,7611,7614,7617,7602&#8243; image_grid_loading=&#8220;default&#8220; layout=&#8220;3&#8243; item_spacing=&#8220;default&#8220; gallery_style=&#8220;7&#8243; load_in_animation=&#8220;fade_in&#8220;][\/vc_column][\/vc_row][vc_row type=&#8220;full_width_content&#8220; full_screen_row_position=&#8220;middle&#8220; column_margin=&#8220;default&#8220; equal_height=&#8220;yes&#8220; content_placement=&#8220;top&#8220; column_direction=&#8220;default&#8220; column_direction_tablet=&#8220;default&#8220; column_direction_phone=&#8220;default&#8220; scene_position=&#8220;center&#8220; text_color=&#8220;dark&#8220; text_align=&#8220;center&#8220; row_border_radius=&#8220;none&#8220; row_border_radius_applies=&#8220;bg&#8220; color_overlay_2=&#8220;#ffffff&#8220; overlay_strength=&#8220;1&#8243; gradient_direction=&#8220;top_to_bottom&#8220; shape_divider_position=&#8220;bottom&#8220; bg_image_animation=&#8220;none&#8220; parallax_bg=&#8220;true&#8220; parallax_bg_speed=&#8220;slow&#8220; shape_type=&#8220;&#8220;][vc_column column_padding=&#8220;no-extra-padding&#8220; column_padding_tablet=&#8220;inherit&#8220; column_padding_phone=&#8220;inherit&#8220; column_padding_position=&#8220;all&#8220; column_element_spacing=&#8220;default&#8220; background_color_opacity=&#8220;1&#8243; background_hover_color_opacity=&#8220;1&#8243; column_shadow=&#8220;none&#8220; column_border_radius=&#8220;none&#8220; column_link_target=&#8220;_self&#8220; gradient_direction=&#8220;left_to_right&#8220; overlay_strength=&#8220;0.3&#8243; width=&#8220;1\/1&#8243; tablet_width_inherit=&#8220;default&#8220; tablet_text_alignment=&#8220;default&#8220; phone_text_alignment=&#8220;default&#8220; bg_image_animation=&#8220;none&#8220; enable_animation=&#8220;true&#8220; animation=&#8220;fade-in-from-bottom&#8220; border_type=&#8220;simple&#8220; column_border_width=&#8220;none&#8220; column_border_style=&#8220;solid&#8220;][vc_column_text]<iframe loading=\"lazy\" style=\"border: 0;\" src=\"https:\/\/www.google.com\/maps\/embed?pb=!1m18!1m12!1m3!1d2611.4831110430805!2d18.925956115915415!3d49.11545929052521!2m3!1f0!2f0!3f0!3m2!1i1024!2i768!4f13.1!3m3!1m2!1s0x4714561a03e97a3f%3A0x73eb537927329740!2sMARTIMEX%20a.s.!5e0!3m2!1ssk!2ssk!4v1615750236743!5m2!1ssk!2ssk\" width=\"100%\" height=\"450\" allowfullscreen=\"allowfullscreen\"><\/iframe>[\/vc_column_text][\/vc_column][\/vc_row][vc_row type=&#8220;full_width_background&#8220; full_screen_row_position=&#8220;middle&#8220; column_margin=&#8220;default&#8220; equal_height=&#8220;yes&#8220; content_placement=&#8220;middle&#8220; column_direction=&#8220;default&#8220; column_direction_tablet=&#8220;default&#8220; column_direction_phone=&#8220;default&#8220; bg_image=&#8220;7062&#8243; bg_position=&#8220;center center&#8220; background_image_loading=&#8220;default&#8220; bg_repeat=&#8220;no-repeat&#8220; scene_position=&#8220;center&#8220; top_padding=&#8220;5%&#8220; bottom_padding=&#8220;5%&#8220; top_padding_phone=&#8220;10%&#8220; bottom_padding_phone=&#8220;10%&#8220; text_color=&#8220;light&#8220; text_align=&#8220;center&#8220; row_border_radius=&#8220;none&#8220; row_border_radius_applies=&#8220;bg&#8220; color_overlay=&#8220;#2c579c&#8220; color_overlay_2=&#8220;#ffffff&#8220; overlay_strength=&#8220;0.95&#8243; gradient_direction=&#8220;top_to_bottom&#8220; shape_divider_position=&#8220;bottom&#8220; bg_image_animation=&#8220;none&#8220; parallax_bg=&#8220;true&#8220; parallax_bg_speed=&#8220;slow&#8220; shape_type=&#8220;&#8220;][vc_column column_padding=&#8220;no-extra-padding&#8220; column_padding_tablet=&#8220;inherit&#8220; column_padding_phone=&#8220;inherit&#8220; column_padding_position=&#8220;all&#8220; column_element_spacing=&#8220;default&#8220; centered_text=&#8220;true&#8220; background_color_opacity=&#8220;1&#8243; background_hover_color_opacity=&#8220;1&#8243; column_shadow=&#8220;none&#8220; column_border_radius=&#8220;none&#8220; column_link_target=&#8220;_self&#8220; gradient_direction=&#8220;left_to_right&#8220; overlay_strength=&#8220;0.3&#8243; width=&#8220;1\/1&#8243; tablet_width_inherit=&#8220;default&#8220; tablet_text_alignment=&#8220;default&#8220; phone_text_alignment=&#8220;default&#8220; bg_image_animation=&#8220;none&#8220; enable_animation=&#8220;true&#8220; animation=&#8220;flip-in-vertical&#8220; border_type=&#8220;simple&#8220; column_border_width=&#8220;none&#8220; column_border_style=&#8220;solid&#8220;][vc_custom_heading text=&#8220;Ich interessiere mich um Vermietung&#8220; font_container=&#8220;tag:h3|text_align:center&#8220; use_theme_fonts=&#8220;yes&#8220;][nectar_btn size=&#8220;jumbo&#8220; button_style=&#8220;see-through-2&#8243; color_override=&#8220;#ffffff&#8220; hover_text_color_override=&#8220;#ffffff&#8220; icon_family=&#8220;none&#8220; text=&#8220;Ich habe Interesse&#8220; url=&#8220;\/kontakt\/&#8220; margin_top=&#8220;30&#8243;][\/vc_column][\/vc_row]\n<\/div>","protected":false},"excerpt":{"rendered":"<p>[vc_row type=&#8220;full_width_background&#8220; full_screen_row_position=&#8220;middle&#8220; column_margin=&#8220;default&#8220; equal_height=&#8220;yes&#8220; content_placement=&#8220;top&#8220; column_direction=&#8220;default&#8220; column_direction_tablet=&#8220;default&#8220; column_direction_phone=&#8220;default&#8220; bg_image=&#8220;7602&#8243; bg_position=&#8220;center top&#8220; background_image_loading=&#8220;default&#8220; bg_repeat=&#8220;no-repeat&#8220; scene_position=&#8220;center&#8220; top_padding=&#8220;6%&#8220; bottom_padding=&#8220;6%&#8220; top_padding_phone=&#8220;12%&#8220; bottom_padding_phone=&#8220;12%&#8220; text_color=&#8220;dark&#8220; text_align=&#8220;left&#8220; row_border_radius=&#8220;none&#8220; row_border_radius_applies=&#8220;bg&#8220; enable_gradient=&#8220;true&#8220; color_overlay=&#8220;rgba(255,255,255,0.73)&#8220; color_overlay_2=&#8220;#ffffff&#8220; overlay_strength=&#8220;1&#8243; gradient_direction=&#8220;top_to_bottom&#8220; shape_divider_position=&#8220;bottom&#8220; bg_image_animation=&#8220;none&#8220;&#8230;<\/p>\n","protected":false},"author":1,"featured_media":0,"parent":0,"menu_order":0,"comment_status":"closed","ping_status":"closed","template":"","meta":{"footnotes":""},"class_list":["post-7657","page","type-page","status-publish"],"acf":[],"yoast_head":"<!-- This site is optimized with the Yoast SEO Premium plugin v26.2 (Yoast SEO v26.2) - https:\/\/yoast.com\/wordpress\/plugins\/seo\/ -->\n<title>Areal Vr\u00fatky - Martimex<\/title>\n<meta name=\"robots\" content=\"index, follow, max-snippet:-1, max-image-preview:large, max-video-preview:-1\" \/>\n<link rel=\"canonical\" href=\"https:\/\/martimex.sk\/areal-vrutky\/\" \/>\n<meta property=\"og:locale\" content=\"de_DE\" \/>\n<meta property=\"og:type\" content=\"article\" \/>\n<meta property=\"og:title\" content=\"Areal Vr\u00fatky\" \/>\n<meta property=\"og:description\" content=\"[vc_row type=&#8220;full_width_background&#8220; full_screen_row_position=&#8220;middle&#8220; column_margin=&#8220;default&#8220; equal_height=&#8220;yes&#8220; content_placement=&#8220;top&#8220; column_direction=&#8220;default&#8220; column_direction_tablet=&#8220;default&#8220; column_direction_phone=&#8220;default&#8220; bg_image=&#8220;7602&#8243; bg_position=&#8220;center top&#8220; background_image_loading=&#8220;default&#8220; bg_repeat=&#8220;no-repeat&#8220; scene_position=&#8220;center&#8220; top_padding=&#8220;6%&#8220; bottom_padding=&#8220;6%&#8220; top_padding_phone=&#8220;12%&#8220; bottom_padding_phone=&#8220;12%&#8220; text_color=&#8220;dark&#8220; text_align=&#8220;left&#8220; row_border_radius=&#8220;none&#8220; row_border_radius_applies=&#8220;bg&#8220; enable_gradient=&#8220;true&#8220; color_overlay=&#8220;rgba(255,255,255,0.73)&#8220; color_overlay_2=&#8220;#ffffff&#8220; overlay_strength=&#8220;1&#8243; gradient_direction=&#8220;top_to_bottom&#8220; shape_divider_position=&#8220;bottom&#8220; bg_image_animation=&#8220;none&#8220;...\" \/>\n<meta property=\"og:url\" content=\"https:\/\/martimex.sk\/areal-vrutky\/\" \/>\n<meta property=\"og:site_name\" content=\"Martimex\" \/>\n<meta property=\"article:modified_time\" content=\"2021-04-17T19:34:51+00:00\" \/>\n<meta property=\"og:image\" content=\"https:\/\/martimex.sk\/wp-content\/uploads\/2021\/03\/martimex-fb.jpg\" \/>\n\t<meta property=\"og:image:width\" content=\"1200\" \/>\n\t<meta property=\"og:image:height\" content=\"630\" \/>\n\t<meta property=\"og:image:type\" content=\"image\/jpeg\" \/>\n<meta name=\"twitter:card\" content=\"summary_large_image\" \/>\n<meta name=\"twitter:label1\" content=\"Gesch\u00e4tzte Lesezeit\" \/>\n\t<meta name=\"twitter:data1\" content=\"3 Minuten\" \/>\n<script type=\"application\/ld+json\" class=\"yoast-schema-graph\">{\"@context\":\"https:\/\/schema.org\",\"@graph\":[{\"@type\":\"WebPage\",\"@id\":\"https:\/\/martimex.sk\/areal-vrutky\/\",\"url\":\"https:\/\/martimex.sk\/areal-vrutky\/\",\"name\":\"Areal Vr\u00fatky - Martimex\",\"isPartOf\":{\"@id\":\"https:\/\/martimex.sk\/#website\"},\"datePublished\":\"2021-03-14T19:30:37+00:00\",\"dateModified\":\"2021-04-17T19:34:51+00:00\",\"breadcrumb\":{\"@id\":\"https:\/\/martimex.sk\/areal-vrutky\/#breadcrumb\"},\"inLanguage\":\"de-DE\",\"potentialAction\":[{\"@type\":\"ReadAction\",\"target\":[\"https:\/\/martimex.sk\/areal-vrutky\/\"]}]},{\"@type\":\"BreadcrumbList\",\"@id\":\"https:\/\/martimex.sk\/areal-vrutky\/#breadcrumb\",\"itemListElement\":[{\"@type\":\"ListItem\",\"position\":1,\"name\":\"Home\",\"item\":\"https:\/\/martimex.sk\/\"},{\"@type\":\"ListItem\",\"position\":2,\"name\":\"Areal Vr\u00fatky\"}]},{\"@type\":\"WebSite\",\"@id\":\"https:\/\/martimex.sk\/#website\",\"url\":\"https:\/\/martimex.sk\/\",\"name\":\"Martimex\",\"description\":\"Len \u010fal\u0161ia WordPress str\u00e1nka\",\"publisher\":{\"@id\":\"https:\/\/martimex.sk\/#organization\"},\"potentialAction\":[{\"@type\":\"SearchAction\",\"target\":{\"@type\":\"EntryPoint\",\"urlTemplate\":\"https:\/\/martimex.sk\/?s={search_term_string}\"},\"query-input\":{\"@type\":\"PropertyValueSpecification\",\"valueRequired\":true,\"valueName\":\"search_term_string\"}}],\"inLanguage\":\"de-DE\"},{\"@type\":\"Organization\",\"@id\":\"https:\/\/martimex.sk\/#organization\",\"name\":\"Martimex, a.s.\",\"url\":\"https:\/\/martimex.sk\/\",\"logo\":{\"@type\":\"ImageObject\",\"inLanguage\":\"de-DE\",\"@id\":\"https:\/\/martimex.sk\/#\/schema\/logo\/image\/\",\"url\":\"https:\/\/martimex.sk\/wp-content\/uploads\/2021\/03\/martimex-logo.png\",\"contentUrl\":\"https:\/\/martimex.sk\/wp-content\/uploads\/2021\/03\/martimex-logo.png\",\"width\":559,\"height\":100,\"caption\":\"Martimex, a.s.\"},\"image\":{\"@id\":\"https:\/\/martimex.sk\/#\/schema\/logo\/image\/\"}}]}<\/script>\n<!-- \/ Yoast SEO Premium plugin. -->","yoast_head_json":{"title":"Areal Vr\u00fatky - Martimex","robots":{"index":"index","follow":"follow","max-snippet":"max-snippet:-1","max-image-preview":"max-image-preview:large","max-video-preview":"max-video-preview:-1"},"canonical":"https:\/\/martimex.sk\/areal-vrutky\/","og_locale":"de_DE","og_type":"article","og_title":"Areal Vr\u00fatky","og_description":"[vc_row type=&#8220;full_width_background&#8220; full_screen_row_position=&#8220;middle&#8220; column_margin=&#8220;default&#8220; equal_height=&#8220;yes&#8220; content_placement=&#8220;top&#8220; column_direction=&#8220;default&#8220; column_direction_tablet=&#8220;default&#8220; column_direction_phone=&#8220;default&#8220; bg_image=&#8220;7602&#8243; bg_position=&#8220;center top&#8220; background_image_loading=&#8220;default&#8220; bg_repeat=&#8220;no-repeat&#8220; scene_position=&#8220;center&#8220; top_padding=&#8220;6%&#8220; bottom_padding=&#8220;6%&#8220; top_padding_phone=&#8220;12%&#8220; bottom_padding_phone=&#8220;12%&#8220; text_color=&#8220;dark&#8220; text_align=&#8220;left&#8220; row_border_radius=&#8220;none&#8220; row_border_radius_applies=&#8220;bg&#8220; enable_gradient=&#8220;true&#8220; color_overlay=&#8220;rgba(255,255,255,0.73)&#8220; color_overlay_2=&#8220;#ffffff&#8220; overlay_strength=&#8220;1&#8243; gradient_direction=&#8220;top_to_bottom&#8220; shape_divider_position=&#8220;bottom&#8220; bg_image_animation=&#8220;none&#8220;...","og_url":"https:\/\/martimex.sk\/areal-vrutky\/","og_site_name":"Martimex","article_modified_time":"2021-04-17T19:34:51+00:00","og_image":[{"width":1200,"height":630,"url":"https:\/\/martimex.sk\/wp-content\/uploads\/2021\/03\/martimex-fb.jpg","type":"image\/jpeg"}],"twitter_card":"summary_large_image","twitter_misc":{"Gesch\u00e4tzte Lesezeit":"3 Minuten"},"schema":{"@context":"https:\/\/schema.org","@graph":[{"@type":"WebPage","@id":"https:\/\/martimex.sk\/areal-vrutky\/","url":"https:\/\/martimex.sk\/areal-vrutky\/","name":"Areal Vr\u00fatky - Martimex","isPartOf":{"@id":"https:\/\/martimex.sk\/#website"},"datePublished":"2021-03-14T19:30:37+00:00","dateModified":"2021-04-17T19:34:51+00:00","breadcrumb":{"@id":"https:\/\/martimex.sk\/areal-vrutky\/#breadcrumb"},"inLanguage":"de-DE","potentialAction":[{"@type":"ReadAction","target":["https:\/\/martimex.sk\/areal-vrutky\/"]}]},{"@type":"BreadcrumbList","@id":"https:\/\/martimex.sk\/areal-vrutky\/#breadcrumb","itemListElement":[{"@type":"ListItem","position":1,"name":"Home","item":"https:\/\/martimex.sk\/"},{"@type":"ListItem","position":2,"name":"Areal Vr\u00fatky"}]},{"@type":"WebSite","@id":"https:\/\/martimex.sk\/#website","url":"https:\/\/martimex.sk\/","name":"Martimex","description":"Len \u010fal\u0161ia WordPress str\u00e1nka","publisher":{"@id":"https:\/\/martimex.sk\/#organization"},"potentialAction":[{"@type":"SearchAction","target":{"@type":"EntryPoint","urlTemplate":"https:\/\/martimex.sk\/?s={search_term_string}"},"query-input":{"@type":"PropertyValueSpecification","valueRequired":true,"valueName":"search_term_string"}}],"inLanguage":"de-DE"},{"@type":"Organization","@id":"https:\/\/martimex.sk\/#organization","name":"Martimex, a.s.","url":"https:\/\/martimex.sk\/","logo":{"@type":"ImageObject","inLanguage":"de-DE","@id":"https:\/\/martimex.sk\/#\/schema\/logo\/image\/","url":"https:\/\/martimex.sk\/wp-content\/uploads\/2021\/03\/martimex-logo.png","contentUrl":"https:\/\/martimex.sk\/wp-content\/uploads\/2021\/03\/martimex-logo.png","width":559,"height":100,"caption":"Martimex, a.s."},"image":{"@id":"https:\/\/martimex.sk\/#\/schema\/logo\/image\/"}}]}},"_links":{"self":[{"href":"https:\/\/martimex.sk\/de\/wp-json\/wp\/v2\/pages\/7657","targetHints":{"allow":["GET"]}}],"collection":[{"href":"https:\/\/martimex.sk\/de\/wp-json\/wp\/v2\/pages"}],"about":[{"href":"https:\/\/martimex.sk\/de\/wp-json\/wp\/v2\/types\/page"}],"author":[{"embeddable":true,"href":"https:\/\/martimex.sk\/de\/wp-json\/wp\/v2\/users\/1"}],"replies":[{"embeddable":true,"href":"https:\/\/martimex.sk\/de\/wp-json\/wp\/v2\/comments?post=7657"}],"version-history":[{"count":7,"href":"https:\/\/martimex.sk\/de\/wp-json\/wp\/v2\/pages\/7657\/revisions"}],"predecessor-version":[{"id":7664,"href":"https:\/\/martimex.sk\/de\/wp-json\/wp\/v2\/pages\/7657\/revisions\/7664"}],"wp:attachment":[{"href":"https:\/\/martimex.sk\/de\/wp-json\/wp\/v2\/media?parent=7657"}],"curies":[{"name":"wp","href":"https:\/\/api.w.org\/{rel}","templated":true}]}}